{"id":10730,"date":"2021-04-19T16:13:45","date_gmt":"2021-04-19T16:13:45","guid":{"rendered":"https:\/\/efectio.com\/terms-of-use\/"},"modified":"2021-08-19T19:25:22","modified_gmt":"2021-08-19T19:25:22","slug":"terms-of-use","status":"publish","type":"page","link":"https:\/\/efectio.com\/cs\/terms-of-use\/","title":{"rendered":"Terms of Use"},"content":{"rendered":"\n<p>Efectio Ltd. (&#8222;Efectio&#8220;) je odpov\u011bdn\u00e1 za poskytov\u00e1n\u00ed platformy v\u00fdzev &#8211; my.efectio.com (&#8222;platforma v\u00fdzev&#8220;). Podm\u00ednky pou\u017e\u00edv\u00e1n\u00ed (d\u00e1le jen &#8222;podm\u00ednky&#8220;) obsahuj\u00ed informace o obecn\u00fdch podm\u00ednk\u00e1ch pou\u017e\u00edv\u00e1n\u00ed platformy v\u00fdzev, ochran\u011b osobn\u00edch \u00fadaj\u016f a pravidlech v\u00fdzvy. Podm\u00ednky se vztahuj\u00ed na v\u0161echny osoby (d\u00e1le jen &#8222;u\u017eivatel&#8220;), kter\u00e9 pou\u017e\u00edvaj\u00ed a\/nebo nav\u0161t\u011bvuj\u00ed platformu v\u00fdzev.<\/p>\n\n\n\n<p>P\u0159\u00edstupem, pou\u017e\u00edv\u00e1n\u00edm a\/nebo registrac\u00ed na platform\u011b v\u00fdzev u\u017eivatel souhlas\u00ed s t\u00edm, \u017ee se sezn\u00e1mil s podm\u00ednkami, porozum\u011bl jim a souhlas\u00ed s nimi. Efectio se zavazuje informovat U\u017eivatele o v\u0161ech zm\u011bn\u00e1ch Podm\u00ednek tak, aby byl U\u017eivatel informov\u00e1n o v\u0161ech zm\u011bn\u00e1ch Podm\u00ednek, nebo\u0165 obsah Podm\u00ednek m\u016f\u017ee b\u00fdt m\u011bn\u011bn, upravov\u00e1n, dopl\u0148ov\u00e1n dle uv\u00e1\u017een\u00ed a pot\u0159eby spole\u010dnosti Efectio.<\/p>\n\n\n\n<p>Pokud U\u017eivatel nesouhlas\u00ed se v\u0161emi Podm\u00ednkami, bude mu odep\u0159eno dal\u0161\u00ed pou\u017e\u00edv\u00e1n\u00ed platformy v\u00fdzvy a nebude mu ud\u011blen p\u0159\u00edstup k registraci. U\u017eivatel p\u0159eb\u00edr\u00e1 odpov\u011bdnost za dodr\u017eov\u00e1n\u00ed Podm\u00ednek. Za\u0161krtnut\u00edm mo\u017enosti &#8222;P\u0159e\u010detl\/a jsem si a p\u0159ij\u00edm\u00e1m Podm\u00ednky a z\u00e1sady ochrany osobn\u00edch \u00fadaj\u016f&#8220;, kdy\u017e je k tomu U\u017eivatel vyzv\u00e1n, p\u0159eb\u00edr\u00e1 plnou odpov\u011bdnost za dodr\u017eov\u00e1n\u00ed t\u011bchto Podm\u00ednek a souhlas\u00ed s nimi.<\/p>\n\n\n\n<p>M\u00e1te-li jak\u00e9koli dotazy t\u00fdkaj\u00edc\u00ed se pravidel platformy pro v\u00fdzvy, napi\u0161te n\u00e1m na adresu Efectio: team@efectio.com.<\/p>\n\n\n\n<p><strong>Podm\u00ednky<\/strong><\/p>\n\n\n\n<p>U\u017eivatel &#8211; fyzick\u00e1 osoba, kter\u00e1 je zaregistrov\u00e1na na platform\u011b v\u00fdzev Efectio.<\/p>\n\n\n\n<p>Ve\u0159ejn\u00e1 v\u00fdzva &#8211; bezplatn\u00e1 nebo placen\u00e1 v\u00fdzva, kter\u00e1 je dostupn\u00e1 kter\u00e9mukoli u\u017eivateli platformy.<\/p>\n\n\n\n<p>Firemn\u00ed v\u00fdzva &#8211; uzav\u0159en\u00e1, placen\u00e1 v\u00fdzva, kter\u00e1 je placen\u00e1 a organizovan\u00e1 firmou pro jej\u00ed zam\u011bstnance.<\/p>\n\n\n\n<p>Mana\u017eer &#8211; osoba odpov\u011bdn\u00e1 za profil v\u00fdzvy spole\u010dnosti.<\/p>\n\n\n\n<p>Spr\u00e1vce &#8211; u\u017eivatel, kter\u00e9mu byl ud\u011blen p\u0159\u00edstup ke spr\u00e1v\u011b konkr\u00e9tn\u00ed v\u00fdzvy, tj. k \u00faprav\u011b obsahu nastaven\u00ed v\u00fdzvy.<\/p>\n\n\n\n<p><strong>P\u0159\u00edstup a pou\u017e\u00edv\u00e1n\u00ed slu\u017eby<\/strong><\/p>\n\n\n\n<p>Efectio poskytuje p\u0159\u00edstup k platform\u011b v\u00fdzev, jej\u00edmu technick\u00e9mu provozu a\/nebo obsahu, a to na \u017e\u00e1dost z\u00e1kazn\u00edka a s p\u0159\u00edslu\u0161n\u00fdm pl\u00e1nem poplatk\u016f za v\u00fdzvy. Platforma v\u00fdzev je p\u0159izp\u016fsobena p\u0159\u00e1n\u00ed z\u00e1kazn\u00edka a typu v\u00fdzvy &#8211; ve\u0159ejn\u00e1 v\u00fdzva, firemn\u00ed nebo kancel\u00e1\u0159sk\u00e1 v\u00fdzva. V p\u0159\u00edpad\u011b pot\u0159eby je poskytov\u00e1na dal\u0161\u00ed podpora, poradenstv\u00ed a dal\u0161\u00ed komunikace s klientem.<\/p>\n\n\n\n<p><strong>Platby<\/strong><\/p>\n\n\n\n<p>Pro p\u0159\u00edstup k placen\u00fdm produkt\u016fm\/slu\u017eb\u00e1m Efectio mus\u00ed u\u017eivatel p\u0159edem uhradit zvolen\u00fd platebn\u00ed pl\u00e1n.<\/p>\n\n\n\n<p>U\u017eivatel souhlas\u00ed s poskytnut\u00edm informac\u00ed nezbytn\u00fdch pro \u00fasp\u011b\u0161n\u00e9 dokon\u010den\u00ed platebn\u00ed transakce:<\/p>\n\n\n\n<ul><li>v p\u0159\u00edpad\u011b fyzick\u00e9 osoby: mimo jin\u00e9 v\u010detn\u011b \u010d\u00edsla \u00fa\u010dtu nebo kreditn\u00ed karty, \u00fadaj\u016f o platnosti kreditn\u00ed karty a\/nebo jm\u00e9na \u00fa\u010dtuj\u00edc\u00ed osoby.<\/li><li>v p\u0159\u00edpad\u011b pr\u00e1vnick\u00e9 osoby: jm\u00e9no, adresa, I\u010cO, DI\u010c, \u010d\u00edslo \u00fa\u010dtu, \u010d\u00edslo \u00fa\u010dtu, \u010d\u00edslo \u00fa\u010dtu, \u010d\u00edslo \u00fa\u010dtu, \u010d\u00edslo \u00fa\u010dtu, \u010d\u00edslo \u00fa\u010dtu, \u010d\u00edslo \u00fa\u010dtu, \u010d\u00edslo \u00fa\u010dtu, \u010d\u00edslo \u00fa\u010dtu.<\/li><\/ul>\n\n\n\n<p>Registrac\u00ed placen\u00e9ho produktu \/ slu\u017eby u\u017eivatel prohla\u0161uje a zaru\u010duje, \u017ee je opr\u00e1vn\u011bn pou\u017e\u00edt kreditn\u00ed kartu nebo jin\u00fd zp\u016fsob platby spojen\u00fd s produktem \/ slu\u017ebou a \u017ee poskytnut\u00e9 informace jsou pravdiv\u00e9, spr\u00e1vn\u00e9 a \u00fapln\u00e9.<\/p>\n\n\n\n<p>Odesl\u00e1n\u00edm t\u011bchto podm\u00ednek U\u017eivatel ud\u011bluje spole\u010dnosti Efectio pr\u00e1vo p\u0159edat tyto \u00fadaje t\u0159et\u00edm stran\u00e1m za \u00fa\u010delem zaji\u0161t\u011bn\u00ed pln\u00e9 \u00fahrady za produkt \/ slu\u017ebu Efectio.<\/p>\n\n\n\n<p><strong>Odpov\u011bdn\u00e9 a z\u00e1konn\u00e9 pou\u017e\u00edv\u00e1n\u00ed platformy V\u00fdzvy<\/strong><\/p>\n\n\n\n<p>U\u017eivatel se zavazuje dodr\u017eovat v\u0161echna n\u00ed\u017ee uveden\u00e1 pravidla t\u00fdkaj\u00edc\u00ed se pou\u017e\u00edv\u00e1n\u00ed platformy V\u00fdzva. Informace zve\u0159ejn\u011bn\u00e9 U\u017eivatelem na Platform\u011b v\u00fdzev nezakl\u00e1daj\u00ed \u017e\u00e1dnou odpov\u011bdnost spole\u010dnosti Efectio v\u016f\u010di ostatn\u00edm osob\u00e1m, kter\u00e9 neporu\u0161uj\u00ed n\u00e1sleduj\u00edc\u00ed podm\u00ednky:<\/p>\n\n\n\n<p><strong>Ur\u00e1\u017eliv\u00fd obsah:<\/strong><\/p>\n\n\n\n<p>U\u017eivatel nesm\u00ed nahr\u00e1vat, pou\u017e\u00edvat, zve\u0159ej\u0148ovat, distribuovat ani jinak \u0161\u00ed\u0159it nez\u00e1konn\u00fd, ur\u00e1\u017eliv\u00fd, hanliv\u00fd, pomlouva\u010dn\u00fd, obsc\u00e9nn\u00ed, pornografick\u00fd, obt\u011b\u017euj\u00edc\u00ed, v\u00fdhru\u017en\u00fd, \u0161kodliv\u00fd, \u0161kodliv\u00fd obsah, kter\u00fd by mohl ur\u00e1\u017eet nebo naru\u0161ovat soukrom\u00ed jin\u00fdch osob nebo jinak po\u0161kozovat platformu V\u00fdzvy.<\/p>\n\n\n\n<p><strong>Neleg\u00e1ln\u00ed obsah:<\/strong><\/p>\n\n\n\n<p>Nesm\u00edte nahr\u00e1vat, stahovat, zve\u0159ej\u0148ovat, distribuovat nebo jinak p\u0159en\u00e1\u0161et obsah, kter\u00fd usnad\u0148uje nez\u00e1konn\u00e9, trestn\u00e9 nebo podvodn\u00e9 pou\u017eit\u00ed platformy V\u00fdzva.<br>Obsah chr\u00e1n\u011bn\u00fd autorsk\u00fdmi pr\u00e1vy:<\/p>\n\n\n\n<p>V r\u00e1mci platformy Challenge nesm\u00edte nahr\u00e1vat, stahovat, zve\u0159ej\u0148ovat, distribuovat, upravovat, m\u011bnit nebo p\u0159en\u00e1\u0161et obsah, kter\u00fd by mohl poru\u0161ovat jak\u00fdkoli patent, ochrannou zn\u00e1mku, obchodn\u00ed tajemstv\u00ed, autorsk\u00e1 pr\u00e1va nebo du\u0161evn\u00ed vlastnictv\u00ed jin\u00e9 osoby. Poru\u0161en\u00ed m\u016f\u017ee vypl\u00fdvat z neopr\u00e1vn\u011bn\u00e9ho kop\u00edrov\u00e1n\u00ed, zve\u0159ej\u0148ov\u00e1n\u00ed, upravov\u00e1n\u00ed, pozm\u011b\u0148ov\u00e1n\u00ed nebo dal\u0161\u00edho \u0161\u00ed\u0159en\u00ed jak\u00e9hokoli obsahu, v\u010detn\u011b grafiky, obr\u00e1zk\u016f, fotografi\u00ed, log, softwaru, produkt\u016f, hudby nebo videa. Zve\u0159ejn\u011bn\u00edm jak\u00e9hokoli obsahu prost\u0159ednictv\u00edm platformy V\u00fdzva u\u017eivatel potvrzuje, \u017ee m\u00e1 z\u00e1konn\u00e9 pr\u00e1vo takov\u00fd obsah pou\u017e\u00edvat, \u0161\u00ed\u0159it a zve\u0159ej\u0148ovat. spole\u010dnost Efectio si vyhrazuje pr\u00e1vo odstranit jak\u00fdkoli obsah, kter\u00fd poru\u0161uje pravidla zve\u0159ej\u0148ov\u00e1n\u00ed obsahu uveden\u00e1 v\u00fd\u0161e v podm\u00ednk\u00e1ch, a to upozorn\u011bn\u00edm u\u017eivatele. V p\u0159\u00edpad\u011b opakovan\u00e9ho poru\u0161en\u00ed m\u00e1 Efectio pr\u00e1vo U\u017eivatele vymazat a odep\u0159\u00edt mu dal\u0161\u00ed p\u0159\u00edstup k platform\u011b Challenge.<br>Ochrana osobn\u00edch \u00fadaj\u016f a autorsk\u00e1 pr\u00e1va<\/p>\n\n\n\n<p>Ka\u017ed\u00fd registrovan\u00fd U\u017eivatel je povinen nezve\u0159ej\u0148ovat p\u0159\u00edstupov\u00e9 \u00fadaje ke sv\u00e9mu \u00fa\u010dtu jin\u00fdm osob\u00e1m. Ve\u0161ker\u00e9 \u00fakony na platform\u011b Challenge s profilem registrovan\u00e9ho u\u017eivatele, p\u0159i kter\u00fdch bylo pou\u017eito spr\u00e1vn\u00e9 u\u017eivatelsk\u00e9 jm\u00e9no a heslo, budou pova\u017eov\u00e1ny za \u00fakony, kter\u00e9 na tomto profilu provedl s\u00e1m registrovan\u00fd u\u017eivatel.<\/p>\n\n\n\n<p>Ka\u017ed\u00fd u\u017eivatel je pln\u011b odpov\u011bdn\u00fd za ve\u0161ker\u00e9 informace, kter\u00e9 zve\u0159ejn\u00ed na platform\u011b V\u00fdzva, a p\u0159eb\u00edr\u00e1 plnou odpov\u011bdnost za p\u0159\u00edpadn\u00e9 d\u016fsledky takov\u00e9ho zve\u0159ejn\u011bn\u00ed. U\u017eivatel m\u016f\u017ee na platform\u011b V\u00fdzva zve\u0159ej\u0148ovat pouze obsah, ke kter\u00e9mu m\u00e1 pln\u00e1 a neomezen\u00e1 pr\u00e1va.<\/p>\n\n\n\n<p>U\u017eivatel nesm\u00ed dekompilovat, rozeb\u00edrat ani jinak zve\u0159ej\u0148ovat zdrojov\u00fd k\u00f3d platformy V\u00fdzva, objektov\u00fd k\u00f3d, z\u00e1kladn\u00ed strukturu, my\u0161lenky nebo algoritmy, dokumentaci nebo informace souvisej\u00edc\u00ed s platformou V\u00fdzva. U\u017eivatel nesm\u00ed kop\u00edrovat, distribuovat, upravovat, p\u0159ekl\u00e1dat ani vytv\u00e1\u0159et odvozen\u00e1 d\u00edla zalo\u017een\u00e1 na platform\u011b Challenge. U\u017eivatel sm\u00ed pou\u017e\u00edvat platformu V\u00fdzva pouze k zam\u00fd\u0161len\u00fdm \u00fa\u010del\u016fm a nesm\u00ed ji pou\u017e\u00edvat k \u017e\u00e1dn\u00fdm jin\u00fdm \u00fa\u010del\u016fm ve prosp\u011bch t\u0159et\u00edch stran.<\/p>\n\n\n\n<p>U\u017eivatel souhlas\u00ed s t\u00edm, \u017ee Platforma v\u00fdzev a n\u00e1zvy, loga, obsah, designov\u00e9 materi\u00e1ly (ve zkratce &#8222;zna\u010dky&#8220;) v n\u00ed obsa\u017een\u00e9 jsou majetkem spole\u010dnosti Efectio s.r.o. U\u017eivatel nen\u00ed opr\u00e1vn\u011bn bez p\u0159edchoz\u00edho souhlasu spole\u010dnosti Efectio Ltd. u\u017e\u00edvat Zn\u00e1mky k jak\u00e9mukoli reklamn\u00edmu, propaga\u010dn\u00edmu \u010di jin\u00e9mu komer\u010dn\u00edmu \u00fa\u010delu.<\/p>\n\n\n\n<p>U\u017eivatel souhlas\u00ed s t\u00edm, \u017ee Platforma V\u00fdzvy a n\u00e1zvy, loga, obsah, designov\u00e9 materi\u00e1ly (v souhrnu &#8222;Zna\u010dky&#8220;) v n\u00ed obsa\u017een\u00e9 jsou majetkem spole\u010dnosti Efectio Ltd. U\u017eivatel nen\u00ed opr\u00e1vn\u011bn u\u017e\u00edvat Zn\u00e1mky jak\u00fdmkoli reklamn\u00edm, propaga\u010dn\u00edm \u010di jin\u00fdm komer\u010dn\u00edm zp\u016fsobem bez p\u0159edchoz\u00edho souhlasu spole\u010dnosti Efectio Ltd.<\/p>\n\n\n\n<p><strong>Dobrovoln\u00e9 n\u00e1vrhy na zlep\u0161en\u00ed platformy V\u00fdzva<\/strong><\/p>\n\n\n\n<p>Spole\u010dnost Efectio ani jej\u00ed zam\u011bstnanci v \u017e\u00e1dn\u00e9m p\u0159\u00edpad\u011b neschvaluj\u00ed ani nezohled\u0148uj\u00ed p\u0159edlo\u017een\u00e9 n\u00e1pady nebo doporu\u010den\u00ed a zlep\u0161ov\u00e1n\u00ed produktu Efectio, v\u010detn\u011b marketingov\u00fdch aktivit, reklamn\u00edch n\u00e1pad\u016f, obal\u016f produkt\u016f a dal\u0161\u00edch souvisej\u00edc\u00edch materi\u00e1l\u016f, n\u00e1zvu, obchodn\u00edho pr\u016fzkumu, nov\u00fdch produkt\u016f, n\u00e1zv\u016f produkt\u016f. C\u00edlem t\u011bchto z\u00e1sad je p\u0159edej\u00edt spor\u016fm, pokud se produkty Efectio nebo marketingov\u00e9 strategie zdaj\u00ed b\u00fdt podobn\u00e9 n\u00e1pad\u016fm p\u0159edlo\u017een\u00fdm spole\u010dnosti Efectio nebo zam\u011bstnanc\u016fm spole\u010dnosti.<\/p>\n\n\n\n<p>V\u00fd\u0161e uveden\u00e1 pravidla se vztahuj\u00ed na jak\u00fdkoli n\u00e1pad, n\u00e1vrh nebo podn\u011bt podan\u00fd dobrovoln\u011b, bez ohledu na prohl\u00e1\u0161en\u00ed obsa\u017een\u00e9 v doprovodn\u00e9m materi\u00e1lu. V\u0161echny n\u00e1pady dobrovoln\u011b p\u0159edlo\u017een\u00e9 spole\u010dnosti Efectio, s v\u00fdjimkou p\u0159\u00edpad\u016f, kdy poru\u0161uj\u00ed na\u0161e z\u00e1sady ochrany osobn\u00edch \u00fadaj\u016f, kter\u00e9 jsou p\u0159edlo\u017eeny dobrovoln\u011b, se st\u00e1vaj\u00ed majetkem spole\u010dnosti Efectio bez n\u00e1roku na jakoukoli kompenzaci.<\/p>\n\n\n\n<p><strong>Odpov\u011bdnost spole\u010dnosti Efectio<\/strong><\/p>\n\n\n\n<p>Efectio zaji\u0161\u0165uje p\u0159\u00edstup k platform\u011b V\u00fdzvy a jej\u00ed technick\u00fd provoz. Efectio nenese \u017e\u00e1dnou odpov\u011bdnost za jak\u00e9koli budouc\u00ed aktivity U\u017eivatel\u016f. U\u017eivatel\u00e9 jsou odpov\u011bdn\u00ed za sv\u016fj zdravotn\u00ed stav a kondici, jako\u017e i za sv\u00e9 v\u00fdkony a v\u00fdsledky prost\u0159ednictv\u00edm vyu\u017e\u00edv\u00e1n\u00ed produkt\u016f\/slu\u017eeb Efectio.<\/p>\n\n\n\n<p>Efectio odm\u00edt\u00e1 jakoukoli odpov\u011bdnost za n\u00e1slednou, n\u00e1hodnou nebo nep\u0159\u00edmou ztr\u00e1tu jak\u00e9hokoli druhu pen\u011bz a\/nebo zisku (bez ohledu na to, zda jsme byli nebo nebyli informov\u00e1ni o tom, \u017ee takov\u00e1 ztr\u00e1ta m\u016f\u017ee nastat) v souvislosti s jakoukoli \u010dinnost\u00ed na platform\u011b Efectio Challenge. Tento odstavec se vztahuje na ve\u0161ker\u00fd obsah a slu\u017eby dostupn\u00e9 na platform\u011b V\u00fdzva.<\/p>\n\n\n\n<p><strong>Vr\u00e1cen\u00ed pen\u011bz za n\u00e1kup slu\u017eby<\/strong><\/p>\n\n\n\n<p>U\u017eivatel\u00e9 maj\u00ed pr\u00e1vo po\u017e\u00e1dat o vr\u00e1cen\u00ed zaplacen\u00fdch pen\u011bz v pln\u00e9 v\u00fd\u0161i do 15 dn\u016f od zaplacen\u00ed slu\u017eby, pokud nen\u00ed na port\u00e1lu nebo v popisu slu\u017eby uvedeno jinak. Pro vr\u00e1cen\u00ed zaplacen\u00fdch pen\u011bz mus\u00ed U\u017eivatel kontaktovat Poskytovatele Slu\u017eby e-mailem: team@efectio.com, p\u0159i\u010dem\u017e k tomuto e-mailu p\u0159ilo\u017e\u00ed doklad o zaplacen\u00ed a v\u00fdzvu k vr\u00e1cen\u00ed zaplacen\u00fdch pen\u011bz.<\/p>\n\n\n\n<p>U\u017eivatel se m\u016f\u017ee kdykoli bezplatn\u011b a bezplatn\u011b odhl\u00e1sit ze Slu\u017eby v sekci &#8222;Profil&#8220; nebo po\u017e\u00e1dat o ukon\u010den\u00ed Slu\u017eby Efectio telefonicky na \u010d\u00edsle +371 29166733 nebo e-mailem na adrese team@efectio.com. Po ukon\u010den\u00ed Slu\u017eby Efectio pozastav\u00ed automatick\u00e9 platby z karty U\u017eivatele a m\u016f\u017ee okam\u017eit\u011b a trvale vymazat ve\u0161ker\u00e9 informace o U\u017eivateli, v\u010detn\u011b anal\u00fdzy aktivit, ve\u0161ker\u00e9ho poskytnut\u00e9ho poradenstv\u00ed, r\u016fstov\u00fdch pl\u00e1n\u016f, j\u00eddeln\u00ed\u010dk\u016f a tr\u00e9ninkov\u00fdch pl\u00e1n\u016f.<\/p>\n\n\n\n<p><strong>\u0158e\u0161en\u00ed spor\u016f<\/strong><\/p>\n\n\n\n<p>Ve\u0161ker\u00e9 spory mezi spole\u010dnost\u00ed Efectio a U\u017eivatelem budou \u0159e\u0161eny jedn\u00e1n\u00edm. Pokud se takov\u00e9 spory nepoda\u0159\u00ed vy\u0159e\u0161it, budou \u0159e\u0161eny soudem Loty\u0161sk\u00e9 republiky v souladu s Podm\u00ednkami a z\u00e1kony a p\u0159edpisy Loty\u0161sk\u00e9 republiky s p\u0159ihl\u00e9dnut\u00edm ke kolizn\u00edm z\u00e1sad\u00e1m, kter\u00fdmi se m\u016f\u017ee \u0159\u00eddit pou\u017eit\u00ed ciz\u00edho pr\u00e1va.<\/p>\n","protected":false},"excerpt":{"rendered":"<p>Efectio Ltd. (&#8222;Efectio&#8220;) je odpov\u011bdn\u00e1 za poskytov\u00e1n\u00ed platformy v\u00fdzev &#8211; my.efectio.com (&#8222;platforma v\u00fdzev&#8220;). Podm\u00ednky pou\u017e\u00edv\u00e1n\u00ed (d\u00e1le jen &#8222;podm\u00ednky&#8220;) obsahuj\u00ed informace o obecn\u00fdch podm\u00ednk\u00e1ch pou\u017e\u00edv\u00e1n\u00ed platformy v\u00fdzev, ochran\u011b osobn\u00edch \u00fadaj\u016f a pravidlech v\u00fdzvy. Podm\u00ednky se vztahuj\u00ed na v\u0161echny osoby (d\u00e1le jen &#8222;u\u017eivatel&#8220;), kter\u00e9 pou\u017e\u00edvaj\u00ed a\/nebo nav\u0161t\u011bvuj\u00ed platformu v\u00fdzev. P\u0159\u00edstupem, pou\u017e\u00edv\u00e1n\u00edm a\/nebo registrac\u00ed na platform\u011b v\u00fdzev u\u017eivatel&#8230;<\/p>\n","protected":false},"author":1,"featured_media":10169,"parent":0,"menu_order":0,"comment_status":"closed","ping_status":"closed","template":"","meta":{"inline_featured_image":false,"_kad_blocks_custom_css":"","_kad_blocks_head_custom_js":"","_kad_blocks_body_custom_js":"","_kad_blocks_footer_custom_js":"","_kad_post_transparent":"","_kad_post_title":"","_kad_post_layout":"","_kad_post_sidebar_id":"","_kad_post_content_style":"","_kad_post_vertical_padding":"","_kad_post_feature":"","_kad_post_feature_position":"","_kad_post_header":false,"_kad_post_footer":false},"aioseo_notices":[],"acf":[],"featured_image_src_large":["https:\/\/efectio.com\/wp-content\/uploads\/2021\/04\/EfectioMainFeatured-1.jpg",992,518,false],"author_info":{"display_name":"user","author_link":"https:\/\/efectio.com\/cs\/author\/user\/"},"comment_info":0,"taxonomy_info":[],"uagb_featured_image_src":{"full":["https:\/\/efectio.com\/wp-content\/uploads\/2021\/04\/EfectioMainFeatured-1.jpg",1000,522,false],"thumbnail":["https:\/\/efectio.com\/wp-content\/uploads\/2021\/04\/EfectioMainFeatured-1-150x150.jpg",150,150,true],"medium":["https:\/\/efectio.com\/wp-content\/uploads\/2021\/04\/EfectioMainFeatured-1-300x157.jpg",300,157,true],"medium_large":["https:\/\/efectio.com\/wp-content\/uploads\/2021\/04\/EfectioMainFeatured-1-768x401.jpg",768,401,true],"large":["https:\/\/efectio.com\/wp-content\/uploads\/2021\/04\/EfectioMainFeatured-1.jpg",992,518,false],"1536x1536":["https:\/\/efectio.com\/wp-content\/uploads\/2021\/04\/EfectioMainFeatured-1.jpg",1000,522,false],"2048x2048":["https:\/\/efectio.com\/wp-content\/uploads\/2021\/04\/EfectioMainFeatured-1.jpg",1000,522,false]},"uagb_author_info":{"display_name":"user","author_link":"https:\/\/efectio.com\/cs\/author\/user\/"},"uagb_comment_info":0,"uagb_excerpt":"Efectio Ltd. (&#8222;Efectio&#8220;) je odpov\u011bdn\u00e1 za poskytov\u00e1n\u00ed platformy v\u00fdzev &#8211; my.efectio.com (&#8222;platforma v\u00fdzev&#8220;). Podm\u00ednky pou\u017e\u00edv\u00e1n\u00ed (d\u00e1le jen &#8222;podm\u00ednky&#8220;) obsahuj\u00ed informace o obecn\u00fdch podm\u00ednk\u00e1ch pou\u017e\u00edv\u00e1n\u00ed platformy v\u00fdzev, ochran\u011b osobn\u00edch \u00fadaj\u016f a pravidlech v\u00fdzvy. Podm\u00ednky se vztahuj\u00ed na v\u0161echny osoby (d\u00e1le jen &#8222;u\u017eivatel&#8220;), kter\u00e9 pou\u017e\u00edvaj\u00ed a\/nebo nav\u0161t\u011bvuj\u00ed platformu v\u00fdzev. P\u0159\u00edstupem, pou\u017e\u00edv\u00e1n\u00edm a\/nebo registrac\u00ed na platform\u011b v\u00fdzev u\u017eivatel...","_links":{"self":[{"href":"https:\/\/efectio.com\/cs\/wp-json\/wp\/v2\/pages\/10730"}],"collection":[{"href":"https:\/\/efectio.com\/cs\/wp-json\/wp\/v2\/pages"}],"about":[{"href":"https:\/\/efectio.com\/cs\/wp-json\/wp\/v2\/types\/page"}],"author":[{"embeddable":true,"href":"https:\/\/efectio.com\/cs\/wp-json\/wp\/v2\/users\/1"}],"replies":[{"embeddable":true,"href":"https:\/\/efectio.com\/cs\/wp-json\/wp\/v2\/comments?post=10730"}],"version-history":[{"count":0,"href":"https:\/\/efectio.com\/cs\/wp-json\/wp\/v2\/pages\/10730\/revisions"}],"wp:featuredmedia":[{"embeddable":true,"href":"https:\/\/efectio.com\/cs\/wp-json\/wp\/v2\/media\/10169"}],"wp:attachment":[{"href":"https:\/\/efectio.com\/cs\/wp-json\/wp\/v2\/media?parent=10730"}],"curies":[{"name":"wp","href":"https:\/\/api.w.org\/{rel}","templated":true}]}}