{"id":10800,"date":"2021-02-04T08:46:34","date_gmt":"2021-02-04T08:46:34","guid":{"rendered":"https:\/\/efectio.com\/privacy-policy\/"},"modified":"2021-08-19T19:18:14","modified_gmt":"2021-08-19T19:18:14","slug":"privacy-policy","status":"publish","type":"page","link":"https:\/\/efectio.com\/cs\/privacy-policy\/","title":{"rendered":"Privacy Policy"},"content":{"rendered":"\n<p>Efectio Ltd. (&#8222;Efectio&#8220;) Z\u00e1sady ochrany osobn\u00edch \u00fadaj\u016f (&#8222;Ochrana osobn\u00edch \u00fadaj\u016f&#8220;) upravuj\u00ed, \u017ee Efectio shroma\u017e\u010fuje a zpracov\u00e1v\u00e1 osobn\u00ed \u00fadaje z\u00e1kazn\u00edk\u016f a u\u017eivatel\u016f a zve\u0159ejn\u011bn\u00fd obsah p\u0159i n\u00e1v\u0161t\u011bv\u011b, registraci a pou\u017e\u00edv\u00e1n\u00ed platformy Efectio Challenge a mo\u017enost\u00ed, kter\u00e9 nab\u00edz\u00ed.<\/p>\n\n\n\n<p><strong>Shroma\u017e\u010fovan\u00e9 \u00fadaje<\/strong><\/p>\n\n\n\n<p><strong>Registrace soukrom\u00e9 osoby<\/strong><\/p>\n\n\n\n<p>Aby mohl u\u017eivatel pou\u017e\u00edvat platformu Efectio Challenge, mus\u00ed si vytvo\u0159it vlastn\u00ed profil, co\u017e lze prov\u00e9st registrac\u00ed. P\u0159i registraci bude U\u017eivatel povinen zadat z\u00e1kladn\u00ed \u00fadaje o sob\u011b: jm\u00e9no, p\u0159\u00edjmen\u00ed a e-mail. Po vytvo\u0159en\u00ed profilu je mo\u017en\u00e9 do profilu U\u017eivatele p\u0159idat dal\u0161\u00ed informace &#8211; kontaktn\u00ed telefon, obr\u00e1zek atd. v p\u0159\u00edpad\u011b, \u017ee si to U\u017eivatel p\u0159eje.<\/p>\n\n\n\n<p><strong>Registrace pr\u00e1vnick\u00e9 osoby<\/strong><\/p>\n\n\n\n<p>Pro vytvo\u0159en\u00ed firemn\u00edho profilu si U\u017eivatel mus\u00ed nejprve vytvo\u0159it soukrom\u00fd profil a teprve pot\u00e9 p\u0159istupovat k mo\u017enosti vytvo\u0159it firemn\u00ed v\u00fdzvu. V souladu s t\u00edm bude U\u017eivatel p\u0159i registraci firmy povinen zadat n\u00e1sleduj\u00edc\u00ed informace &#8211; n\u00e1zev firmy, adresu, kraj, m\u011bsto, ulici, \u010d\u00edslo popisn\u00e9, k\u00f3d zem\u011b, adresu subdom\u00e9ny Efectio, registra\u010dn\u00ed \u010d\u00edslo firmy, kontaktn\u00ed telefon a e-mail.<\/p>\n\n\n\n<p>Vytvo\u0159en\u00edm profilu firmy na platform\u011b Efectio Challenge se u\u017eivatel, kter\u00fd firmu zaregistruje, stane jej\u00edm &#8222;spr\u00e1vcem&#8220; a m\u016f\u017ee zas\u00edlat ostatn\u00edm u\u017eivatel\u016fm pozv\u00e1nky k registraci do firemn\u00ed v\u00fdzvy. &#8222;Mana\u017eer&#8220; firemn\u00ed v\u00fdzvy m\u016f\u017ee ud\u011blit administr\u00e1torsk\u00e1 opr\u00e1vn\u011bn\u00ed jednomu nebo v\u00edce (neomezen\u011b) u\u017eivatel\u016fm registrovan\u00fdm ve firemn\u00ed v\u00fdzv\u011b.<\/p>\n\n\n\n<p>&#8222;Mana\u017eer&#8220; v\u00fdzvy a &#8222;spr\u00e1vci&#8220; mohou p\u0159id\u00e1vat a rozd\u011blovat u\u017eivatele do t\u00fdm\u016f.<\/p>\n\n\n\n<p><strong>Zve\u0159ejn\u011bn\u00fd obsah a aktivita<\/strong><\/p>\n\n\n\n<p>Efectio zpracov\u00e1v\u00e1 informace o obsahu, kter\u00fd je zve\u0159ejn\u011bn na profilu u\u017eivatele na platform\u011b a v kalend\u00e1\u0159i v\u00fdzev, a tak\u00e9 koment\u00e1\u0159e a &#8222;lajky&#8220; u\u017eivatel\u016f k obr\u00e1zk\u016fm zve\u0159ejn\u011bn\u00fdm jin\u00fdmi u\u017eivateli.<\/p>\n\n\n\n<p>Zaznamen\u00e1v\u00e1 se \u00fa\u010dast a aktivita U\u017eivatele na Platform\u011b v\u00fdzev, tj. spln\u011bn\u00e9 v\u00fdzvy, nasb\u00edran\u00e9 body za v\u00fdzvy, zve\u0159ejn\u011bn\u00e9 obr\u00e1zky, vyhran\u00e9 ceny, koment\u00e1\u0159e a &#8222;lajk&#8220; ostatn\u00edch U\u017eivatel\u016f.<\/p>\n\n\n\n<p><strong>Online analytick\u00e9 n\u00e1stroje<\/strong><\/p>\n\n\n\n<p>Efectio pou\u017e\u00edv\u00e1 online analytick\u00e9 n\u00e1stroje (nap\u0159. Google analytic, FB Pixel), kter\u00e9 shroma\u017e\u010fuj\u00ed a poskytuj\u00ed souhrnn\u00e9 informace o zp\u016fsobech pou\u017e\u00edv\u00e1n\u00ed Platformy v\u00fdzev U\u017eivateli, jako\u017e i dal\u0161\u00ed anonymn\u00ed informace.<\/p>\n\n\n\n<p><strong>Viditelnost \u00fadaj\u016f<\/strong><\/p>\n\n\n\n<p>Zadan\u00e9 \u00fadaje U\u017eivatele, jako\u017e i aktivita U\u017eivatele jsou viditeln\u00e9 pro zam\u011bstnavatele spole\u010dnosti Efectio pro technick\u00fd provoz a obsah Platformy V\u00fdzvy.<\/p>\n\n\n\n<p>\u00dadaje uveden\u00e9 v profilu U\u017eivatele (jm\u00e9no, profilov\u00fd obr\u00e1zek) a obsah profilu (nap\u0159. zve\u0159ejn\u011bn\u00e9 obr\u00e1zky z v\u00fdzvy, koment\u00e1\u0159e k obr\u00e1zk\u016fm) jsou ve\u0159ejn\u011b dostupn\u00e9 v\u0161em ostatn\u00edm U\u017eivatel\u016fm Platformy v\u00fdzev a spr\u00e1vc\u016fm Platformy v\u00fdzev.<\/p>\n\n\n\n<p>Pokud je U\u017eivatel zaregistrov\u00e1n do Firemn\u00ed v\u00fdzvy, budou zadan\u00e9 \u00fadaje v profilu viditeln\u00e9 a editovateln\u00e9 tak\u00e9 pro &#8222;spr\u00e1vce&#8220; Firemn\u00ed v\u00fdzvy a jej\u00ed &#8222;administr\u00e1tory&#8220;. &#8222;Spr\u00e1vce&#8220; a &#8222;administr\u00e1to\u0159i&#8220; v\u00fdzvy mohou upravovat st\u00e1vaj\u00edc\u00ed informace (krom\u011b e-mailu) nebo p\u0159id\u00e1vat nov\u00e9 informace, kter\u00e9 nejsou ve\u0159ejn\u011b viditeln\u00e9 pro upraven\u00fd profil u\u017eivatele ani pro ostatn\u00ed U\u017eivatele, nebo U\u017eivatele vymazat.<\/p>\n\n\n\n<p><strong>Pou\u017eit\u00ed \u00fadaj\u016f<\/strong><\/p>\n\n\n\n<p>Shrom\u00e1\u017ed\u011bn\u00e9 \u00fadaje se pou\u017e\u00edvaj\u00ed p\u0159edev\u0161\u00edm k zaji\u0161t\u011bn\u00ed p\u0159\u00edstupu k platform\u011b Efectio Challenge, v\u010detn\u011b:<\/p>\n\n\n\n<p>1.spr\u00e1vu u\u017eivatelsk\u00e9ho \u00fa\u010dtu na platform\u011b V\u00fdzva;<br>2.identifikaci U\u017eivatele v dob\u011b registrace na Platform\u011b v\u00fdzev;<br>3.sledov\u00e1n\u00ed postupu na platform\u011b V\u00fdzvy za \u00fa\u010delem zji\u0161t\u011bn\u00ed, zda m\u00e1 U\u017eivatel n\u00e1rok na v\u00fdhry;<br>4.anonymn\u00ed, souhrnnou anal\u00fdzu dat s vyu\u017eit\u00edm Platformy v\u00fdzev a n\u00e1v\u0161t\u011bvn\u00edk\u016f za \u00fa\u010delem zlep\u0161en\u00ed na\u0161eho obsahu a slu\u017eeb.<\/p>\n\n\n\n<p><strong>Ukl\u00e1d\u00e1n\u00ed dat<\/strong><\/p>\n\n\n\n<p>U\u017eivatelsk\u00e9 \u00fadaje jsou zpracov\u00e1v\u00e1ny a ukl\u00e1d\u00e1ny v datab\u00e1z\u00edch na serveru Amazon Web Service um\u00edst\u011bn\u00e9m v Evropsk\u00e9 unii. V\u0161echny \u00fadaje budou zpracov\u00e1v\u00e1ny a uchov\u00e1v\u00e1ny do doby, ne\u017e u\u017eivatel sv\u016fj profil odstran\u00ed nebo ne\u017e jej odstran\u00ed spole\u010dnost, v jej\u00edm\u017e \u00fa\u010dtu se profil u\u017eivatele nach\u00e1z\u00ed.<\/p>\n\n\n\n<p><strong>Pr\u00e1va u\u017eivatele<\/strong><\/p>\n\n\n\n<p><strong>U\u017eivatel m\u00e1 pr\u00e1vo:<\/strong><\/p>\n\n\n\n<p>z\u00edskat v\u0161echny informace, kter\u00e9 o v\u00e1s spole\u010dnost Efectio m\u00e1;<br>z\u00edskat informace o fyzick\u00fdch nebo pr\u00e1vnick\u00fdch osob\u00e1ch, kter\u00e9 o v\u00e1s v ur\u010dit\u00e9m \u010dasov\u00e9m obdob\u00ed obdr\u017eely informace, leda\u017ee by zve\u0159ejn\u011bn\u00ed t\u011bchto informac\u00ed bylo v rozporu se z\u00e1konem;<br>z\u00edskat informace o datu, kdy byly va\u0161e osobn\u00ed \u00fadaje naposledy zm\u011bn\u011bny, vymaz\u00e1ny nebo zablokov\u00e1ny;<br>pr\u00e1vo podat st\u00ed\u017enost u \u00fa\u0159adu pro ochranu osobn\u00edch \u00fadaj\u016f;<br>zda budou va\u0161e \u00fadaje zas\u00edl\u00e1ny mimo EU.<br>Vymaz\u00e1n\u00ed \u00fa\u010dtu<\/p>\n\n\n\n<p>U\u017eivatel m\u016f\u017ee sv\u016fj profil kdykoli vymazat. Jakmile je u\u017eivatelsk\u00fd \u00fa\u010det smaz\u00e1n, jsou smaz\u00e1ny i osobn\u00ed \u00fadaje u\u017eivatele, jako je jm\u00e9no, p\u0159\u00edjmen\u00ed, e-mail, kontaktn\u00ed telefon, profilov\u00fd obr\u00e1zek. P\u0159isp\u011bn\u00fd obsah i pokrok dosa\u017een\u00fd v r\u00e1mci v\u00fdzvy jsou na platform\u011b v\u00fdzvy ulo\u017eeny, ale U\u017eivatel se v\u0161ude zobrazuje pod ozna\u010den\u00edm Smazan\u00fd u\u017eivatel.<\/p>\n\n\n\n<p><strong>P\u0159ipom\u00ednky a e-maily<\/strong><\/p>\n\n\n\n<p>Pokud se u\u017eivatel del\u0161\u00ed dobu neobjevuje na platform\u011b V\u00fdzva, obdr\u017e\u00ed e-maily s p\u0159ipomenut\u00edm V\u00fdzvy, do kter\u00e9 se p\u0159ihl\u00e1sil a kter\u00e9 se \u00fa\u010dastn\u00ed. Spole\u010dnost Efectio m\u016f\u017ee zas\u00edlat zejm\u00e9na novinky souvisej\u00edc\u00ed s v\u00fdzvami Efectio, jako\u017e i dal\u0161\u00ed u\u017eite\u010dn\u00e9 informace o t\u00e9matech t\u00fdkaj\u00edc\u00edch se pohody a zdrav\u00e9ho \u017eivotn\u00edho stylu. Pokud U\u017eivatel nechce dost\u00e1vat upom\u00ednky, m\u016f\u017ee je zak\u00e1zat.<\/p>\n","protected":false},"excerpt":{"rendered":"<p>Efectio Ltd. (&#8222;Efectio&#8220;) Z\u00e1sady ochrany osobn\u00edch \u00fadaj\u016f (&#8222;Ochrana osobn\u00edch \u00fadaj\u016f&#8220;) upravuj\u00ed, \u017ee Efectio shroma\u017e\u010fuje a zpracov\u00e1v\u00e1 osobn\u00ed \u00fadaje z\u00e1kazn\u00edk\u016f a u\u017eivatel\u016f a zve\u0159ejn\u011bn\u00fd obsah p\u0159i n\u00e1v\u0161t\u011bv\u011b, registraci a pou\u017e\u00edv\u00e1n\u00ed platformy Efectio Challenge a mo\u017enost\u00ed, kter\u00e9 nab\u00edz\u00ed. Shroma\u017e\u010fovan\u00e9 \u00fadaje Registrace soukrom\u00e9 osoby Aby mohl u\u017eivatel pou\u017e\u00edvat platformu Efectio Challenge, mus\u00ed si vytvo\u0159it vlastn\u00ed profil, co\u017e lze&#8230;<\/p>\n","protected":false},"author":1,"featured_media":10169,"parent":0,"menu_order":0,"comment_status":"closed","ping_status":"open","template":"","meta":{"inline_featured_image":false,"_kad_blocks_custom_css":"","_kad_blocks_head_custom_js":"","_kad_blocks_body_custom_js":"","_kad_blocks_footer_custom_js":"","_kad_post_transparent":"","_kad_post_title":"","_kad_post_layout":"","_kad_post_sidebar_id":"","_kad_post_content_style":"","_kad_post_vertical_padding":"","_kad_post_feature":"","_kad_post_feature_position":"","_kad_post_header":false,"_kad_post_footer":false},"aioseo_notices":[],"acf":[],"featured_image_src_large":["https:\/\/efectio.com\/wp-content\/uploads\/2021\/04\/EfectioMainFeatured-1.jpg",992,518,false],"author_info":{"display_name":"user","author_link":"https:\/\/efectio.com\/cs\/author\/user\/"},"comment_info":0,"taxonomy_info":[],"uagb_featured_image_src":{"full":["https:\/\/efectio.com\/wp-content\/uploads\/2021\/04\/EfectioMainFeatured-1.jpg",1000,522,false],"thumbnail":["https:\/\/efectio.com\/wp-content\/uploads\/2021\/04\/EfectioMainFeatured-1-150x150.jpg",150,150,true],"medium":["https:\/\/efectio.com\/wp-content\/uploads\/2021\/04\/EfectioMainFeatured-1-300x157.jpg",300,157,true],"medium_large":["https:\/\/efectio.com\/wp-content\/uploads\/2021\/04\/EfectioMainFeatured-1-768x401.jpg",768,401,true],"large":["https:\/\/efectio.com\/wp-content\/uploads\/2021\/04\/EfectioMainFeatured-1.jpg",992,518,false],"1536x1536":["https:\/\/efectio.com\/wp-content\/uploads\/2021\/04\/EfectioMainFeatured-1.jpg",1000,522,false],"2048x2048":["https:\/\/efectio.com\/wp-content\/uploads\/2021\/04\/EfectioMainFeatured-1.jpg",1000,522,false]},"uagb_author_info":{"display_name":"user","author_link":"https:\/\/efectio.com\/cs\/author\/user\/"},"uagb_comment_info":0,"uagb_excerpt":"Efectio Ltd. (&#8222;Efectio&#8220;) Z\u00e1sady ochrany osobn\u00edch \u00fadaj\u016f (&#8222;Ochrana osobn\u00edch \u00fadaj\u016f&#8220;) upravuj\u00ed, \u017ee Efectio shroma\u017e\u010fuje a zpracov\u00e1v\u00e1 osobn\u00ed \u00fadaje z\u00e1kazn\u00edk\u016f a u\u017eivatel\u016f a zve\u0159ejn\u011bn\u00fd obsah p\u0159i n\u00e1v\u0161t\u011bv\u011b, registraci a pou\u017e\u00edv\u00e1n\u00ed platformy Efectio Challenge a mo\u017enost\u00ed, kter\u00e9 nab\u00edz\u00ed. Shroma\u017e\u010fovan\u00e9 \u00fadaje Registrace soukrom\u00e9 osoby Aby mohl u\u017eivatel pou\u017e\u00edvat platformu Efectio Challenge, mus\u00ed si vytvo\u0159it vlastn\u00ed profil, co\u017e lze...","_links":{"self":[{"href":"https:\/\/efectio.com\/cs\/wp-json\/wp\/v2\/pages\/10800"}],"collection":[{"href":"https:\/\/efectio.com\/cs\/wp-json\/wp\/v2\/pages"}],"about":[{"href":"https:\/\/efectio.com\/cs\/wp-json\/wp\/v2\/types\/page"}],"author":[{"embeddable":true,"href":"https:\/\/efectio.com\/cs\/wp-json\/wp\/v2\/users\/1"}],"replies":[{"embeddable":true,"href":"https:\/\/efectio.com\/cs\/wp-json\/wp\/v2\/comments?post=10800"}],"version-history":[{"count":0,"href":"https:\/\/efectio.com\/cs\/wp-json\/wp\/v2\/pages\/10800\/revisions"}],"wp:featuredmedia":[{"embeddable":true,"href":"https:\/\/efectio.com\/cs\/wp-json\/wp\/v2\/media\/10169"}],"wp:attachment":[{"href":"https:\/\/efectio.com\/cs\/wp-json\/wp\/v2\/media?parent=10800"}],"curies":[{"name":"wp","href":"https:\/\/api.w.org\/{rel}","templated":true}]}}