{"id":10731,"date":"2021-04-19T16:13:45","date_gmt":"2021-04-19T16:13:45","guid":{"rendered":"https:\/\/efectio.com\/terms-of-use\/"},"modified":"2021-05-20T13:23:14","modified_gmt":"2021-05-20T13:23:14","slug":"lietosanas-noteikumi","status":"publish","type":"page","link":"https:\/\/efectio.com\/lv\/lietosanas-noteikumi\/","title":{"rendered":"Lieto\u0161anas noteikumi"},"content":{"rendered":"\n<p>SIA \u201cEfectio\u201d (turpm\u0101k tekst\u0101 &#8211; Efectio) atbild un nodro\u0161ina piek\u013cuvi izaicin\u0101juma platformai &#8211; my.efectio.com (turpm\u0101k tekst\u0101 &#8211; Izaicin\u0101juma platforma). Lieto\u0161anas noteikumi (turpm\u0101k tekst\u0101 &#8211; Noteikumi) ietver inform\u0101ciju par Izaicin\u0101juma platformas visp\u0101r\u012bgajiem lieto\u0161anas nosac\u012bjumiem, priv\u0101tuma un izaicin\u0101juma noteikumiem. Noteikumi attiecas uz vis\u0101m person\u0101m (turpm\u0101k tekst\u0101 &#8211; Lietot\u0101js), kuras izmanto un\/vai apmekl\u0113 Izaicin\u0101juma platformu.<\/p>\n\n\n\n<p>Apmekl\u0113jot, lietojot un\/vai re\u0123istr\u0113joties Izaicin\u0101juma platform\u0101, Lietot\u0101js piekr\u012bt, ka ir izskat\u012bjis, sapratis un piekritis Noteikumiem. Efectio ap\u0146em\u0101s inform\u0113t Lietot\u0101ju par vis\u0101m, veiktaj\u0101m izmai\u0146am Noteikumos, lai Lietot\u0101js b\u016btu nep\u0101rtraukti inform\u0113ts par Noteikumu izmai\u0146\u0101m, jo Noteikumu saturs var tikt main\u012bts, groz\u012bts, labots p\u0113c Efectio ieskatiem un vajadz\u012bb\u0101m.<\/p>\n\n\n\n<p>Ja Lietot\u0101js nepiekr\u012bt visiem Noteikumiem, Lietot\u0101jam tiek liegta turpm\u0101ka Izaicin\u0101juma platformas lieto\u0161ana, k\u0101 ar\u012b netiek izsniegta re\u0123istr\u0101cijas pieeja. Lietot\u0101js uz\u0146emas atbild\u012bbu par Noteikuma iev\u0113ro\u0161anu un izpildi. Atz\u012bm\u0113jot &#8220;Esmu izlas\u012bjis un apstiprinu Lieto\u0161anas noteikumus un Priv\u0101tuma politiku\u201d, kad tas tiek piepras\u012bts, Lietot\u0101js ir uz\u0146\u0113mies pilnu atbild\u012bbu par Noteikumu iev\u0113ro\u0161anu un piekr\u012bt to nosac\u012bjumiem.<\/p>\n\n\n\n<p>Ja rodas k\u0101di jaut\u0101jumi, kas saist\u012bti ar Izaicin\u0101juma platformas Noteikumiem raksti mums, Efectio, uz&nbsp;<a href=\"mailto:challenge@efectio.com\">challenge@efectio.com<\/a>.<\/p>\n\n\n\n<p><strong>Terminu skaidrojums<\/strong><\/p>\n\n\n\n<p>Lietot\u0101js &#8211; indiv\u012bds, kas ir re\u0123istr\u0113jies Efectio Izaicin\u0101juma platform\u0101.<\/p>\n\n\n\n<p>Publiskais izaicin\u0101jums &#8211; bezmaksas vai maksas izaicin\u0101jums, kas pieejams jebkuram platformas Lietot\u0101jam.<\/p>\n\n\n\n<p>Uz\u0146\u0113muma izaicin\u0101jums &#8211; sl\u0113gts, maksas izaicin\u0101jums, ko apmaks\u0101 un organiz\u0113 uz\u0146\u0113mums saviem uz\u0146\u0113muma darbiniekiem.<\/p>\n\n\n\n<p>P\u0101rvaldnieks &#8211; uz\u0146\u0113muma izaicin\u0101juma profila atbild\u012bg\u0101 persona.<\/p>\n\n\n\n<p>Administrators &#8211; Lietot\u0101js, kuram pie\u0161\u0137irta piek\u013cuve konkr\u0113ta izaicin\u0101juma administr\u0113\u0161anai, t.i., izaicin\u0101juma iestat\u012bjuma, satura redi\u0123\u0113\u0161ana.<\/p>\n\n\n\n<p><strong>Piek\u013cuve Pakalpojumam, un T\u0101 Lieto\u0161ana<\/strong><\/p>\n\n\n\n<p>Efectio, p\u0113c klienta piepras\u012bjuma un atbilsto\u0161a izaicin\u0101juma maksas pl\u0101na, nodro\u0161ina piek\u013cuvi Izaicin\u0101juma platformai, t\u0101s tehnisko darb\u012bbu un\/vai saturu. Izaicin\u0101juma platforma tiek atbilsto\u0161i noformat\u0113ta klienta v\u0113lm\u0113m un izaicin\u0101juma tipam &#8211; publiskam izaicin\u0101jumam vai uz\u0146\u0113muma jeb ofisa izaicin\u0101jumam. Nepiecie\u0161am\u012bbas gad\u012bjum\u0101, tiek sniegts papildus atbalsts, konsult\u0113\u0161ana un cita veida sazi\u0146a ar klientu.<\/p>\n\n\n\n<p><strong>Apmaksas veik\u0161ana<\/strong><\/p>\n\n\n\n<p>Lai sa\u0146emtu pieeju Efectio maksas produktiem\/pakalpojumiem, Lietot\u0101jam ir j\u0101veic iepriek\u0161\u0113ja apmaksa par izv\u0113l\u0113to apmaksas pl\u0101nu.<\/p>\n\n\n\n<p>Lietot\u0101js piekr\u012bt piekr\u012bt sniegt nepiecie\u0161amo inform\u0101ciju, lai var\u0113tu veiksm\u012bgi sl\u0113gt apmaksas dar\u012bjumu:<\/p>\n\n\n\n<ul><li>priv\u0101tpersonas gad\u012bjum\u0101: tai skait\u0101, bet ne tikai &#8211; konta vai kred\u012btkartes numuru, inform\u0101ciju par kred\u012btkartes dr\u012bguma termi\u0146u un\/vai nor\u0113\u0137ina personas v\u0101rdu, uzv\u0101rdu.<\/li><li>juridiskas personas gad\u012bjum\u0101: nosaukums, adrese, re\u0123istr\u0101cijas nr.<\/li><\/ul>\n\n\n\n<p>Nore\u0137inoties par maksas produktu\/pakalpojumiem, Lietot\u0101js apliecina un garant\u0113, ka ir ties\u012bgs izmantot ar nor\u0113\u0137iniem par produktu\/pakalpojumu saist\u012bto kred\u012btkarti vai citu maks\u0101\u0161anas metodi un ka sniegt\u0101 inform\u0101cija ir patiesa, pareiza un piln\u012bga.<\/p>\n\n\n\n<p>Iesniedzot \u0161o Noteikumu, Lietot\u0101js pie\u0161\u0137ir Efectio ties\u012bbas \u0161os datus nodot tre\u0161aj\u0101m person\u0101m, lai nodro\u0161in\u0101tu piln\u012bgu Efectio produktu\/pakalpojuma apmaksu.<\/p>\n\n\n\n<p><strong>Atbild\u012bga un Likum\u012bga Izaicin\u0101juma Platformas Lieto\u0161ana<\/strong><\/p>\n\n\n\n<p>Lietot\u0101js piekr\u012bt iev\u0113rot visus zem\u0101k min\u0113tos noteikumus &nbsp;par Izaicin\u0101juma platformas izmanto\u0161anu. Inform\u0101cija, kuru Lietot\u0101js ievieto Izaicin\u0101juma platform\u0101, nedr\u012bkst rad\u012bt Efectio nek\u0101du atbild\u012bbu pret citiem, kas nep\u0101rk\u0101pj sekojo\u0161us nosac\u012bjumus:<\/p>\n\n\n\n<p>Aizskaro\u0161s saturs:<\/p>\n\n\n\n<ul><li>Izaicin\u0101juma platform\u0101 nedr\u012bkst aug\u0161upiel\u0101d\u0113t, izmantot, public\u0113t, izplat\u012bt vai jebk\u0101d\u0101 cit\u0101 veid\u0101 izplat\u012bt nelikum\u012bgu, aizvainojo\u0161u, apmelojo\u0161u, klied\u0113jo\u0161u, ne\u0137\u012btru, pornogr\u0101fisku, uzm\u0101c\u012bgu, draud\u012bgu, \u013caunpr\u0101t\u012bgu, kait\u012bgu saturu, kas var aizskart vai p\u0101rk\u0101pt citu personu priv\u0101tuma ties\u012bbas vai cit\u0101di kait\u012bgu saturu.<\/li><\/ul>\n\n\n\n<p>Nelikum\u012bgs saturs:<\/p>\n\n\n\n<ul><li>Izaicin\u0101juma platform\u0101 nedr\u012bkst aug\u0161upiel\u0101d\u0113t, lejupiel\u0101d\u0113t, ievietot, izplat\u012bt vai cit\u0101di p\u0101rs\u016bt\u012bt saturu, kas veicina nelikum\u012bgu, noziedz\u012bgu vai kr\u0101pniecisku darb\u012bbu.<\/li><\/ul>\n\n\n\n<p>Autorties\u012bbu p\u0101rk\u0101pjo\u0161s saturs:<\/p>\n\n\n\n<ul><li>Izaicin\u0101juma platform\u0101 nedr\u012bkst aug\u0161upiel\u0101d\u0113t, lejupiel\u0101d\u0113t, public\u0113t, izplat\u012bt, redi\u0123\u0113t, modific\u0113t vai p\u0101rs\u016bt\u012bt saturu, kas var p\u0101rk\u0101pt jebkuru patentu, pre\u010du z\u012bmi, komercnosl\u0113pumu, autorties\u012bbas vai citas personas intelektu\u0101l\u0101s \u012bpa\u0161umties\u012bbas. P\u0101rk\u0101pums var izriet\u0113t no jebkura satura, tostarp grafikas, att\u0113lu, fotogr\u0101fiju, logotipu, programmat\u016bras, izstr\u0101d\u0101jumu, m\u016bzikas vai videoklipu neat\u013caut\u0101s kop\u0113\u0161anas, public\u0113\u0161anas, redi\u0123\u0113\u0161anas, p\u0101rveido\u0161anas vai izplat\u012b\u0161anas. Public\u0113jot jebkuru saturu, izmantojot Izaicin\u0101juma platformu, Lietot\u0101js apliecin\u0101t, ka vi\u0146am ir likum\u012bgas ties\u012bbas izmantot, izplat\u012bt un public\u0113t \u0161\u0101du saturu.<\/li><\/ul>\n\n\n\n<p>Efectio patur ties\u012bbas izdz\u0113st jebkuru saturu, kas p\u0101rk\u0101pj Noteikumos augst\u0101k min\u0113t\u0101s satura ievieto\u0161anas normas, Lietot\u0101jam izsakot br\u012bdin\u0101jumu. Ja tiek nov\u0113rots atk\u0101rtots p\u0101rk\u0101pums, Efectio ir ties\u012bbas dz\u0113st Lietot\u0101ju un liegt turpm\u0101ku pieeju Izaicin\u0101juma platformai.<\/p>\n\n\n\n<h3><strong>Konfidencialit\u0101te un Autorties\u012bbas<\/strong><\/h3>\n\n\n\n<p>Katram re\u0123istr\u0113tajam Lietot\u0101jam ir pien\u0101kums neizpaust cit\u0101m person\u0101m savus konta piek\u013cuves datus. Tiks uzskat\u012bts, ka visas Izaicin\u0101juma platform\u0101 veikt\u0101s darb\u012bbas ar re\u0123istr\u0113ta Lietot\u0101ja profilu, izmantojot pareizu lietot\u0101jv\u0101rdu un paroli, attiec\u012bgaj\u0101 profil\u0101 ir veicis pats re\u0123istr\u0113tais lietot\u0101js.<\/p>\n\n\n\n<p>Katrs Lietot\u0101js ir piln\u012bb\u0101 atbild\u012bgs par jebkuru inform\u0101ciju, kuru ievieto Izaicin\u0101juma platform\u0101, k\u0101 ar\u012b uz\u0146emas pilnu atbild\u012bbu par sek\u0101m, kuras rodas inform\u0101cijas ievieto\u0161anas rezult\u0101t\u0101. Lietot\u0101js Izaicin\u0101juma platform\u0101 var public\u0113t tikai t\u0101du saturu, uz kuru Lietot\u0101jam ir piln\u012bgas un neierobe\u017eotas ties\u012bbas.<\/p>\n\n\n\n<p>Lietot\u0101js nedr\u012bkst dekompil\u0113t, izjaukt vai cit\u0101di atkl\u0101t Izaicin\u0101juma platformas pirmkodu, objekta kodu, pamata strukt\u016bru, idejas vai algoritmus, dokument\u0101ciju vai inform\u0101ciju saist\u012btu ar Izaicin\u0101juma platformu. Lietot\u0101jam nav at\u013cauts kop\u0113t, izplat\u012bt, modific\u0113t, tulkot vai rad\u012bt atvasin\u0101tus darbus, pamatojoties uz Izaicin\u0101juma platformu. Lietot\u0101js Izaicin\u0101juma platformu var izmantot tikai tam paredz\u0113tajiem m\u0113r\u0137iem, lietot\u0101js nedr\u012bkst izmantot Izaicin\u0101juma platformu citiem nol\u016bkiem par labu tre\u0161aj\u0101m person\u0101m.<\/p>\n\n\n\n<p>Lietot\u0101js piekr\u012bt, ka Izaicin\u0101juma platforma un taj\u0101 ietv\u0113rtie nosaukumi, logotipi, saturs, dizaina materi\u0101li (kopsavilkum\u0101 &#8220;Z\u012bmes&#8221;), ir SIA &#8220;Efectio&#8221; \u012bpa\u0161ums. Lietot\u0101jam nav ties\u012bbu izmantot Z\u012bmes jebk\u0101d\u0101s rekl\u0101m\u0101s, publicit\u0101tei vai cit\u0101di komerci\u0101l\u0101 veid\u0101 bez iepriek\u0161\u0113jas saska\u0146o\u0161anas ar SIA &#8220;Efectio&#8221;.<\/p>\n\n\n\n<p><strong>Izaicin\u0101juma platformas labpr\u0101t\u012bgi uzlabojuma ieteikumi<\/strong><\/p>\n\n\n\n<p>Efectio un uz\u0146\u0113muma darbinieki nek\u0101d\u0101 gad\u012bjum\u0101 neapstiprina un neapsver iesniegt\u0101s idejas vai ieteikumus par Efectio produktu, un to uzlabo\u0161anu, tai skait\u0101, m\u0101rketinga aktivit\u0101tes, rekl\u0101mas idejas, produkta iepakojums un citi ar to saist\u012bti materi\u0101li, nosaukums, uz\u0146\u0113m\u0113jdarb\u012bbas izp\u0113te, jauni produkti, produktu nosaukumi. \u0160\u012b politika ir paredz\u0113ta, lai izvair\u012btos no str\u012bdiem, ja Efectio produkti vai m\u0101rketinga strat\u0113\u0123ijas \u0161\u0137iet l\u012bdz\u012bgas idej\u0101m, kas iesniegtas Efectio vai uz\u0146\u0113muma darbiniekiem.<\/p>\n\n\n\n<p>Min\u0113tie noteikumi attiecas uz jebkuru labpr\u0101t\u012bgi iesniegtu ideju, ieteikumu neatkar\u012bgi no pazi\u0146ojuma, kas iek\u013cauts pavado\u0161aj\u0101 materi\u0101l\u0101. Visas idejas, ietekumi, kas ir labpr\u0101t\u012bgi iesniegti Efectio, iz\u0146emot gad\u012bjumus, kuri p\u0101rk\u0101pj m\u016bsu konfidencialit\u0101tes politiku, kas tiek labpr\u0101t\u012bgi ies\u016bt\u012btas, k\u013c\u016bst par Efectio \u012bpa\u0161umu bez jebk\u0101d\u0101m kompens\u0101cij\u0101m.<\/p>\n\n\n\n<p><strong>Efectio Atbild\u012bba<\/strong><\/p>\n\n\n\n<p>Efectio nodro\u0161ina piek\u013cuvi Izaicin\u0101juma platformai, un t\u0101s tehnisko darb\u012bbu. Efectio neuz\u0146em\u0101s nek\u0101du atbild\u012bbu par Lietot\u0101ju turpm\u0101ko aktivit\u0101\u0161u izpildi. Lietot\u0101ji ir atbild\u012bgi pa\u0161i par savu vesel\u012bbas un r\u012bc\u012bbsp\u0113jas st\u0101vokli, k\u0101 ar\u012b sniegumu un rezult\u0101tiem, izmantojot Efectio produktus\/pakalpojumus.<\/p>\n\n\n\n<p>Efectio neuz\u0146emas nek\u0101du atbild\u012bbu par jebk\u0101diem netie\u0161iem, nejau\u0161iem vai jebkura veida naudas un\/vai pe\u013c\u0146as zaud\u0113jumiem (neatkar\u012bgi no t\u0101, vai mums ir pazi\u0146ots, ka \u0161\u0101di zaud\u0113jumi var rasties) saska\u0146\u0101 ar jebkuru darb\u012bbu Efectio &nbsp;Izaicin\u0101juma platform\u0101. Min\u0113tais punkts attiecas uz visu saturu un pakalpojumie, kas pieejami Izaicin\u0101juma platform\u0101.<\/p>\n\n\n\n<p><strong>Par Pakalpojuma veikt\u0101 pirkuma naudas atmaksa<\/strong><\/p>\n\n\n\n<p>Lietot\u0101jiem ir ties\u012bbas piepras\u012bt pilnu samaks\u0101t\u0101s naudas atmaksu 15 dienu laik\u0101 p\u0113c samaksas par Pakalpojumu, ja nav noteikts sav\u0101d\u0101k Port\u0101l\u0101 vai Pakalpojuma aprakst\u0101. Lai atgrieztu samaks\u0101to naudu Lietot\u0101jam j\u0101v\u0113r\u0161as pie Pakalpojuma sniedz\u0113ja, rakstot uz e-pastu:&nbsp;<a href=\"mailto:challenge@efectio.com\">challenge@efectio.com<\/a>, \u0161im e-pastam pievienojot apliecino\u0161u dokumentu par apmaksas veik\u0161anu un aicin\u0101jumu atgriezt samaks\u0101to naudu.<\/p>\n\n\n\n<p>Lietot\u0101js jebkur\u0101 br\u012bd\u012b br\u012bvi un bez maksas var atteikties no Pakalpojuma sav\u0101 Pakalpojuma profil\u0101 \u2013 sada\u013c\u0101s &#8220;Profils&#8221; vai pieprasot Efectio Pakalpojuma p\u0101rtrauk\u0161anu pa t\u0101lr. 00371 29166733 vai epastu&nbsp;<a href=\"mailto:challenge@efectio.com\">challenge@efectio.com<\/a>. Atsakoties no Pakalpojuma, Efectio aptur autom\u0101tiskos maks\u0101jumus no Lietot\u0101ja kartes un var nekav\u0113joties un neatgriezeniski izdz\u0113st visu Lietot\u0101ja inform\u0101ciju, taj\u0101 skait\u0101 \u2013 aktivit\u0101\u0161u anal\u012bzi, visas sniegt\u0101s konsult\u0101cijas, izaugsmes pl\u0101nus, \u0113dienkartes un treni\u0146u pla\u0146us.<\/p>\n\n\n\n<p><strong>Str\u012bdu Iz\u0161\u0137ir\u0161ana<\/strong><\/p>\n\n\n\n<p>Visi str\u012bdi starp Efectio un Lietot\u0101ju tiek risin\u0101ti p\u0101rrunu ce\u013c\u0101. Ja str\u012bdus t\u0101d\u0101 veid\u0101 neizdodas atrisin\u0101t, tad tie tiek risin\u0101ti Latvijas Republikas ties\u0101 saska\u0146\u0101 ar Noteikumiem un Latvijas Republikas normat\u012bvajiem aktiem, \u0146emot v\u0113r\u0101 likuma konflikta principus, kas var\u0113tu noteikt citas valsts likumu piem\u0113ro\u0161anu.<\/p>\n","protected":false},"excerpt":{"rendered":"<p>SIA \u201cEfectio\u201d (turpm\u0101k tekst\u0101 &#8211; Efectio) atbild un nodro\u0161ina piek\u013cuvi izaicin\u0101juma platformai &#8211; my.efectio.com (turpm\u0101k tekst\u0101 &#8211; Izaicin\u0101juma platforma). Lieto\u0161anas noteikumi (turpm\u0101k tekst\u0101 &#8211; Noteikumi) ietver inform\u0101ciju par Izaicin\u0101juma platformas visp\u0101r\u012bgajiem lieto\u0161anas nosac\u012bjumiem, priv\u0101tuma un izaicin\u0101juma noteikumiem. Noteikumi attiecas uz vis\u0101m person\u0101m (turpm\u0101k tekst\u0101 &#8211; Lietot\u0101js), kuras izmanto un\/vai apmekl\u0113 Izaicin\u0101juma platformu. Apmekl\u0113jot, lietojot un\/vai&#8230;<\/p>\n","protected":false},"author":1,"featured_media":10170,"parent":0,"menu_order":0,"comment_status":"closed","ping_status":"closed","template":"","meta":{"inline_featured_image":false,"_kad_blocks_custom_css":"","_kad_blocks_head_custom_js":"","_kad_blocks_body_custom_js":"","_kad_blocks_footer_custom_js":"","_kad_post_transparent":"","_kad_post_title":"","_kad_post_layout":"","_kad_post_sidebar_id":"","_kad_post_content_style":"","_kad_post_vertical_padding":"","_kad_post_feature":"","_kad_post_feature_position":"","_kad_post_header":false,"_kad_post_footer":false},"aioseo_notices":[],"acf":[],"featured_image_src_large":["https:\/\/efectio.com\/wp-content\/uploads\/2021\/04\/EfectioMainFeatured-1.jpg",992,518,false],"author_info":{"display_name":"user","author_link":"https:\/\/efectio.com\/lv\/author\/user\/"},"comment_info":0,"taxonomy_info":[],"uagb_featured_image_src":{"full":["https:\/\/efectio.com\/wp-content\/uploads\/2021\/04\/EfectioMainFeatured-1.jpg",1000,522,false],"thumbnail":["https:\/\/efectio.com\/wp-content\/uploads\/2021\/04\/EfectioMainFeatured-1-150x150.jpg",150,150,true],"medium":["https:\/\/efectio.com\/wp-content\/uploads\/2021\/04\/EfectioMainFeatured-1-300x157.jpg",300,157,true],"medium_large":["https:\/\/efectio.com\/wp-content\/uploads\/2021\/04\/EfectioMainFeatured-1-768x401.jpg",768,401,true],"large":["https:\/\/efectio.com\/wp-content\/uploads\/2021\/04\/EfectioMainFeatured-1.jpg",992,518,false],"1536x1536":["https:\/\/efectio.com\/wp-content\/uploads\/2021\/04\/EfectioMainFeatured-1.jpg",1000,522,false],"2048x2048":["https:\/\/efectio.com\/wp-content\/uploads\/2021\/04\/EfectioMainFeatured-1.jpg",1000,522,false]},"uagb_author_info":{"display_name":"user","author_link":"https:\/\/efectio.com\/lv\/author\/user\/"},"uagb_comment_info":0,"uagb_excerpt":"SIA \u201cEfectio\u201d (turpm\u0101k tekst\u0101 &#8211; Efectio) atbild un nodro\u0161ina piek\u013cuvi izaicin\u0101juma platformai &#8211; my.efectio.com (turpm\u0101k tekst\u0101 &#8211; Izaicin\u0101juma platforma). Lieto\u0161anas noteikumi (turpm\u0101k tekst\u0101 &#8211; Noteikumi) ietver inform\u0101ciju par Izaicin\u0101juma platformas visp\u0101r\u012bgajiem lieto\u0161anas nosac\u012bjumiem, priv\u0101tuma un izaicin\u0101juma noteikumiem. Noteikumi attiecas uz vis\u0101m person\u0101m (turpm\u0101k tekst\u0101 &#8211; Lietot\u0101js), kuras izmanto un\/vai apmekl\u0113 Izaicin\u0101juma platformu. Apmekl\u0113jot, lietojot un\/vai...","_links":{"self":[{"href":"https:\/\/efectio.com\/lv\/wp-json\/wp\/v2\/pages\/10731"}],"collection":[{"href":"https:\/\/efectio.com\/lv\/wp-json\/wp\/v2\/pages"}],"about":[{"href":"https:\/\/efectio.com\/lv\/wp-json\/wp\/v2\/types\/page"}],"author":[{"embeddable":true,"href":"https:\/\/efectio.com\/lv\/wp-json\/wp\/v2\/users\/1"}],"replies":[{"embeddable":true,"href":"https:\/\/efectio.com\/lv\/wp-json\/wp\/v2\/comments?post=10731"}],"version-history":[{"count":0,"href":"https:\/\/efectio.com\/lv\/wp-json\/wp\/v2\/pages\/10731\/revisions"}],"wp:featuredmedia":[{"embeddable":true,"href":"https:\/\/efectio.com\/lv\/wp-json\/wp\/v2\/media\/10170"}],"wp:attachment":[{"href":"https:\/\/efectio.com\/lv\/wp-json\/wp\/v2\/media?parent=10731"}],"curies":[{"name":"wp","href":"https:\/\/api.w.org\/{rel}","templated":true}]}}