{"id":10778,"date":"2021-04-11T23:37:27","date_gmt":"2021-04-11T23:37:27","guid":{"rendered":"https:\/\/efectio.com\/success-stories\/"},"modified":"2021-08-15T15:31:11","modified_gmt":"2021-08-15T15:31:11","slug":"veiksmes-stasti","status":"publish","type":"page","link":"https:\/\/efectio.com\/lv\/veiksmes-stasti\/","title":{"rendered":"Veiksmes st\u0101sti"},"content":{"rendered":"<style id=\"kb-rowlayout_f6b36d-2e\">#kt-layout-id_f6b36d-2e{margin-top:0px;margin-bottom:0px;background-image:url('https:\/\/efectio.com\/wp-content\/uploads\/2021\/06\/Untitled-design-1.png');background-size:cover;background-position:51% 14.000000000000002%;background-attachment:scroll;background-repeat:no-repeat;}#kt-layout-id_f6b36d-2e > .kt-row-column-wrap{padding-top:193px;padding-bottom:109px;max-width:1140px;margin-left:auto;margin-right:auto;}#kt-layout-id_f6b36d-2e > .kt-row-layout-overlay{opacity:0.78;background-color:#020228;}@media all and (max-width: 1024px){#kt-layout-id_f6b36d-2e > .kt-row-column-wrap{padding-top:120px;padding-bottom:60px;}}@media all and (max-width: 767px){#kt-layout-id_f6b36d-2e > .kt-row-column-wrap{padding-top:80px;padding-bottom:30px;padding-left:20px;padding-right:20px;}}<\/style>\n<div class=\"wp-block-kadence-rowlayout aligncenter\"><div id=\"kt-layout-id_f6b36d-2e\" class=\"kt-row-layout-inner kt-row-has-bg kt-layout-id_f6b36d-2e\"><div class=\"kt-row-layout-overlay kt-row-overlay-normal\"><\/div><div class=\"kt-row-column-wrap kt-has-1-columns kt-gutter-none kt-v-gutter-default kt-row-valign-middle kt-row-layout-equal kt-tab-layout-inherit kt-m-colapse-left-to-right kt-mobile-layout-row\">\n<div class=\"wp-block-kadence-column inner-column-1 kadence-column_4a2e29-3f\"><div class=\"kt-inside-inner-col\"><style id=\"kb-advancedheading_d8b5ef-e4\">#kt-adv-heading_d8b5ef-e4, #kt-adv-heading_d8b5ef-e4 .wp-block-kadence-advancedheading, .wp-block-kadence-advancedheading.kt-adv-heading_d8b5ef-e4[data-kb-block=\"kb-adv-heading_d8b5ef-e4\"], .kadence-advanced-heading-wrapper .kt-adv-heading_d8b5ef-e4[data-kb-block=\"kb-adv-heading_d8b5ef-e4\"]{text-align:center;}<\/style>\n<h1 class=\"kt-adv-heading_d8b5ef-e4 first-section-h1 wp-block-kadence-advancedheading has-theme-palette-9-color has-text-color\" data-kb-block=\"kb-adv-heading_d8b5ef-e4\">Veiksmes st\u0101sti<\/h1>\n<\/div><\/div>\n<\/div><\/div><\/div>\n\n\n<style id=\"kb-rowlayout_bc0ce4-61\">#kt-layout-id_bc0ce4-61 > .kt-row-column-wrap{max-width:1140px;margin-left:auto;margin-right:auto;}<\/style>\n<div class=\"wp-block-kadence-rowlayout alignnone\"><div id=\"kt-layout-id_bc0ce4-61\" class=\"kt-row-layout-inner kt-layout-id_bc0ce4-61\"><div class=\"kt-row-column-wrap kt-has-2-columns kt-gutter-default kt-v-gutter-default kt-row-valign-middle kt-row-layout-equal kt-tab-layout-inherit kt-m-colapse-left-to-right kt-mobile-layout-row kt-inner-column-height-full\"><style id=\"kb-column_b16eea-49\">.kadence-column_b16eea-49 > .kt-inside-inner-col{padding-top:15px;padding-bottom:15px;padding-left:15px;padding-right:15px;}.kadence-column_b16eea-49 > .kt-inside-inner-col{background-image:url('https:\/\/efectio.com\/wp-content\/uploads\/2021\/04\/LatvenergoVeiksmesStasts.jpg');background-size:cover;background-position:center center;background-attachment:scroll;background-repeat:no-repeat;}.kadence-column_b16eea-49{text-align:center;}<\/style>\n<div class=\"wp-block-kadence-column inner-column-1 kadence-column_b16eea-49\"><div class=\"kt-inside-inner-col\">\n<h3 class=\"has-text-align-center has-theme-palette-9-color has-text-color\">Latvenergo kampa\u0146a<br>\u201cSmartEnergo\u201d<\/h3>\n\n\n<style id=\"kb-advancedbtn_a029dc-7e\">.wp-block-kadence-advancedbtn.kt-btns_a029dc-7e, .site .entry-content .wp-block-kadence-advancedbtn.kt-btns_a029dc-7e{margin-top:30px;}.kt-btns_a029dc-7e .kt-btn-wrap-0{margin-right:5px;}.rtl .kt-btns_a029dc-7e .kt-btn-wrap-0{margin-left:5px;margin-right:0px;}.wp-block-kadence-advancedbtn.kt-btns_a029dc-7e .kt-btn-wrap-0 .kt-button{color:var(--global-palette9, #ffffff);border-color:var(--global-palette9, #ffffff);}.wp-block-kadence-advancedbtn.kt-btns_a029dc-7e .kt-btn-wrap-0 .kt-button:hover, .wp-block-kadence-advancedbtn.kt-btns_a029dc-7e .kt-btn-wrap-0 .kt-button:focus{color:#3cb043;border-color:var(--global-palette9, #ffffff);box-shadow:2px 2px 3px 0px rgba(0, 0, 0, 0.4);}.wp-block-kadence-advancedbtn.kt-btns_a029dc-7e .kt-btn-wrap-0 .kt-button::before{display:none;}.wp-block-kadence-advancedbtn.kt-btns_a029dc-7e .kt-btn-wrap-0 .kt-button:hover, .wp-block-kadence-advancedbtn.kt-btns_a029dc-7e .kt-btn-wrap-0 .kt-button:focus{background:var(--global-palette9, #ffffff);}<\/style>\n<div class=\"wp-block-kadence-advancedbtn kt-btn-align-center kt-btn-tablet-align-inherit kt-btn-mobile-align-inherit kt-btns-wrap kt-btns_a029dc-7e\"><div class=\"kt-btn-wrap kt-btn-wrap-0\"><a class=\"kt-button button kt-btn-0-action kt-btn-size-standard kt-btn-style-basic kt-btn-svg-show-always kt-btn-has-text-true kt-btn-has-svg-false\" href=\"https:\/\/efectio.com\/lv\/latvenergo-kampana-smartenergo\/\"><span class=\"kt-btn-inner-text\">LAS\u012aT VAIR\u0100K<\/span><\/a><\/div><\/div>\n<\/div><\/div>\n\n\n<style id=\"kb-column_5cf45f-af\">.kadence-column_5cf45f-af > .kt-inside-inner-col{padding-top:15px;padding-bottom:15px;padding-left:15px;padding-right:15px;}.kadence-column_5cf45f-af > .kt-inside-inner-col{background-image:url('https:\/\/efectio.com\/wp-content\/uploads\/2021\/04\/ConexusVeiksmesStasts-1.jpg');background-size:cover;background-position:center center;background-attachment:scroll;background-repeat:no-repeat;}<\/style>\n<div class=\"wp-block-kadence-column inner-column-2 kadence-column_5cf45f-af\"><div class=\"kt-inside-inner-col\">\n<h3 class=\"has-text-align-center has-theme-palette-9-color has-text-color\">Conexus 30 dienu<br>izaicin\u0101jums<\/h3>\n\n\n<style id=\"kb-advancedbtn_0218df-85\">.wp-block-kadence-advancedbtn.kt-btns_0218df-85, .site .entry-content .wp-block-kadence-advancedbtn.kt-btns_0218df-85{margin-top:30px;}.kt-btns_0218df-85 .kt-btn-wrap-0{margin-right:5px;}.rtl .kt-btns_0218df-85 .kt-btn-wrap-0{margin-left:5px;margin-right:0px;}.wp-block-kadence-advancedbtn.kt-btns_0218df-85 .kt-btn-wrap-0 .kt-button{color:var(--global-palette9, #ffffff);border-color:var(--global-palette9, #ffffff);}.wp-block-kadence-advancedbtn.kt-btns_0218df-85 .kt-btn-wrap-0 .kt-button:hover, .wp-block-kadence-advancedbtn.kt-btns_0218df-85 .kt-btn-wrap-0 .kt-button:focus{color:#f6be00;border-color:var(--global-palette9, #ffffff);box-shadow:2px 2px 3px 0px rgba(0, 0, 0, 0.4);}.wp-block-kadence-advancedbtn.kt-btns_0218df-85 .kt-btn-wrap-0 .kt-button::before{display:none;}.wp-block-kadence-advancedbtn.kt-btns_0218df-85 .kt-btn-wrap-0 .kt-button:hover, .wp-block-kadence-advancedbtn.kt-btns_0218df-85 .kt-btn-wrap-0 .kt-button:focus{background:var(--global-palette9, #ffffff);}<\/style>\n<div class=\"wp-block-kadence-advancedbtn kt-btn-align-center kt-btn-tablet-align-inherit kt-btn-mobile-align-inherit kt-btns-wrap kt-btns_0218df-85\"><div class=\"kt-btn-wrap kt-btn-wrap-0\"><a class=\"kt-button button kt-btn-0-action kt-btn-size-standard kt-btn-style-basic kt-btn-svg-show-always kt-btn-has-text-true kt-btn-has-svg-false\" href=\"https:\/\/efectio.com\/lv\/conexus-30-dienu-izaicinajums\/\"><span class=\"kt-btn-inner-text\">LAS\u012aT VAIR\u0100K<\/span><\/a><\/div><\/div>\n<\/div><\/div>\n<\/div><\/div><\/div>\n\n\n<style id=\"kb-rowlayout_5a416b-a9\">#kt-layout-id_5a416b-a9 > .kt-row-column-wrap{max-width:1140px;margin-left:auto;margin-right:auto;}<\/style>\n<div class=\"wp-block-kadence-rowlayout alignnone\"><div id=\"kt-layout-id_5a416b-a9\" class=\"kt-row-layout-inner kt-layout-id_5a416b-a9\"><div class=\"kt-row-column-wrap kt-has-2-columns kt-gutter-default kt-v-gutter-default kt-row-valign-middle kt-row-layout-equal kt-tab-layout-inherit kt-m-colapse-left-to-right kt-mobile-layout-row kt-inner-column-height-full\"><style id=\"kb-column_62a80e-29\">.kadence-column_62a80e-29 > .kt-inside-inner-col{padding-top:15px;padding-bottom:15px;padding-left:15px;padding-right:15px;}.kadence-column_62a80e-29 > .kt-inside-inner-col{background-image:url('https:\/\/efectio.com\/wp-content\/uploads\/2021\/04\/Efectio-BiteHero.jpg');background-size:cover;background-position:center center;background-attachment:scroll;background-repeat:no-repeat;}.kadence-column_62a80e-29{text-align:center;}<\/style>\n<div class=\"wp-block-kadence-column inner-column-1 kadence-column_62a80e-29\"><div class=\"kt-inside-inner-col\">\n<h3 class=\"has-text-align-center has-theme-palette-9-color has-text-color\">\u201cBites\u201d 30 dienu<br>izaicin\u0101jums<\/h3>\n\n\n<style id=\"kb-advancedbtn_f9b144-e0\">.wp-block-kadence-advancedbtn.kt-btns_f9b144-e0, .site .entry-content .wp-block-kadence-advancedbtn.kt-btns_f9b144-e0{margin-top:30px;}.kt-btns_f9b144-e0 .kt-btn-wrap-0{margin-right:5px;}.rtl .kt-btns_f9b144-e0 .kt-btn-wrap-0{margin-left:5px;margin-right:0px;}.wp-block-kadence-advancedbtn.kt-btns_f9b144-e0 .kt-btn-wrap-0 .kt-button{color:var(--global-palette9, #ffffff);border-color:var(--global-palette9, #ffffff);}.wp-block-kadence-advancedbtn.kt-btns_f9b144-e0 .kt-btn-wrap-0 .kt-button:hover, .wp-block-kadence-advancedbtn.kt-btns_f9b144-e0 .kt-btn-wrap-0 .kt-button:focus{color:#3cb043;border-color:var(--global-palette9, #ffffff);box-shadow:2px 2px 3px 0px rgba(0, 0, 0, 0.4);}.wp-block-kadence-advancedbtn.kt-btns_f9b144-e0 .kt-btn-wrap-0 .kt-button::before{display:none;}.wp-block-kadence-advancedbtn.kt-btns_f9b144-e0 .kt-btn-wrap-0 .kt-button:hover, .wp-block-kadence-advancedbtn.kt-btns_f9b144-e0 .kt-btn-wrap-0 .kt-button:focus{background:var(--global-palette9, #ffffff);}<\/style>\n<div class=\"wp-block-kadence-advancedbtn kt-btn-align-center kt-btn-tablet-align-inherit kt-btn-mobile-align-inherit kt-btns-wrap kt-btns_f9b144-e0\"><div class=\"kt-btn-wrap kt-btn-wrap-0\"><a class=\"kt-button button kt-btn-0-action kt-btn-size-standard kt-btn-style-basic kt-btn-svg-show-always kt-btn-has-text-true kt-btn-has-svg-false\" href=\"https:\/\/efectio.com\/lv\/30-dienu-bites-izaicinajums\/\"><span class=\"kt-btn-inner-text\">LAS\u012aT VAIR\u0100K<\/span><\/a><\/div><\/div>\n<\/div><\/div>\n\n\n<style id=\"kb-column_09ec52-00\">.kadence-column_09ec52-00 > .kt-inside-inner-col{padding-top:15px;padding-bottom:15px;padding-left:15px;padding-right:15px;}.kadence-column_09ec52-00 > .kt-inside-inner-col{background-image:url('https:\/\/efectio.com\/wp-content\/uploads\/2021\/04\/CoorporateValuesBenefits.bk_.jpg');background-size:cover;background-position:center center;background-attachment:scroll;background-repeat:no-repeat;}<\/style>\n<div class=\"wp-block-kadence-column inner-column-2 kadence-column_09ec52-00\"><div class=\"kt-inside-inner-col\">\n<h3 class=\"has-text-align-center has-theme-palette-9-color has-text-color\">\u201cR\u012aGAS SILTUMA\u201d 25 gadu jubilejas izaicin\u0101jums<\/h3>\n\n\n<style id=\"kb-advancedbtn_e7f03d-50\">.wp-block-kadence-advancedbtn.kt-btns_e7f03d-50, .site .entry-content .wp-block-kadence-advancedbtn.kt-btns_e7f03d-50{margin-top:30px;}.kt-btns_e7f03d-50 .kt-btn-wrap-0{margin-right:5px;}.rtl .kt-btns_e7f03d-50 .kt-btn-wrap-0{margin-left:5px;margin-right:0px;}.wp-block-kadence-advancedbtn.kt-btns_e7f03d-50 .kt-btn-wrap-0 .kt-button{color:var(--global-palette9, #ffffff);border-color:var(--global-palette9, #ffffff);}.wp-block-kadence-advancedbtn.kt-btns_e7f03d-50 .kt-btn-wrap-0 .kt-button:hover, .wp-block-kadence-advancedbtn.kt-btns_e7f03d-50 .kt-btn-wrap-0 .kt-button:focus{color:#1d1d52;border-color:var(--global-palette9, #ffffff);box-shadow:2px 2px 3px 0px rgba(0, 0, 0, 0.4);}.wp-block-kadence-advancedbtn.kt-btns_e7f03d-50 .kt-btn-wrap-0 .kt-button::before{display:none;}.wp-block-kadence-advancedbtn.kt-btns_e7f03d-50 .kt-btn-wrap-0 .kt-button:hover, .wp-block-kadence-advancedbtn.kt-btns_e7f03d-50 .kt-btn-wrap-0 .kt-button:focus{background:var(--global-palette9, #ffffff);}<\/style>\n<div class=\"wp-block-kadence-advancedbtn kt-btn-align-center kt-btn-tablet-align-inherit kt-btn-mobile-align-inherit kt-btns-wrap kt-btns_e7f03d-50\"><div class=\"kt-btn-wrap kt-btn-wrap-0\"><a class=\"kt-button button kt-btn-0-action kt-btn-size-standard kt-btn-style-basic kt-btn-svg-show-always kt-btn-has-text-true kt-btn-has-svg-false\" href=\"https:\/\/efectio.com\/lv\/rigas-siltuma-25-gadu-jubilejas-izaicinajums\/\"><span class=\"kt-btn-inner-text\">LAS\u012aT VAIR\u0100K<\/span><\/a><\/div><\/div>\n<\/div><\/div>\n<\/div><\/div><\/div>\n\n\n<style id=\"kb-rowlayout_ee9a1b-0c\">#kt-layout-id_ee9a1b-0c{background-color:#020228;}#kt-layout-id_ee9a1b-0c > .kt-row-column-wrap{max-width:1140px;margin-left:auto;margin-right:auto;}#kt-layout-id_ee9a1b-0c > .kt-row-layout-overlay{background-image:radial-gradient(at center center, var(--global-palette1, #3182CE) 0%, #020228 100%);mix-blend-mode:multiply;}<\/style>\n<div class=\"wp-block-kadence-rowlayout alignnone\"><div id=\"kt-layout-id_ee9a1b-0c\" class=\"kt-row-layout-inner kt-row-has-bg kt-layout-id_ee9a1b-0c\"><div class=\"kt-row-layout-overlay kt-row-overlay-gradient\"><\/div><div class=\"kt-row-column-wrap kt-has-1-columns kt-gutter-default kt-v-gutter-default kt-row-valign-top kt-row-layout-equal kt-tab-layout-inherit kt-m-colapse-left-to-right kt-mobile-layout-row\"><style id=\"kb-column_5eca93-f0\">.wp-block-kadence-column.kadence-column_5eca93-f0 > .kt-inside-inner-col{margin-bottom:6px;}<\/style>\n<div class=\"wp-block-kadence-column inner-column-1 kadence-column_5eca93-f0\"><div class=\"kt-inside-inner-col\">\n<div style=\"height:90px\" aria-hidden=\"true\" class=\"wp-block-spacer\"><\/div>\n\n\n\n<h2 class=\"has-text-align-center has-theme-palette-9-color has-text-color\">Laim\u012bgi darbinieki \u2192 veiksm\u012bgs uz\u0146\u0113mums<\/h2>\n\n\n\n<div style=\"height:36px\" aria-hidden=\"true\" class=\"wp-block-spacer\"><\/div>\n\n\n\n<div class=\"wp-container-1 wp-block-buttons is-content-justification-center\">\n<div class=\"wp-block-button main-cta-buttons\"><a class=\"wp-block-button__link\" href=\"https:\/\/efectio.com\/lv\/pieteikties-demo\/\">PIETEIKTIES DEMO KONTAM<\/a><\/div>\n\n\n\n<div class=\"wp-block-button main-cta-buttons\"><a class=\"wp-block-button__link\" href=\"https:\/\/efectio.com\/lv\/kontakti\/\">SAZIN\u0100TIES AR MUMS<\/a><\/div>\n<\/div>\n\n\n\n<div style=\"height:85px\" aria-hidden=\"true\" class=\"wp-block-spacer\"><\/div>\n<\/div><\/div>\n<\/div><\/div><\/div>\n","protected":false},"excerpt":{"rendered":"<p>Veiksmes st\u0101sti Latvenergo kampa\u0146a\u201cSmartEnergo\u201d Conexus 30 dienuizaicin\u0101jums \u201cBites\u201d 30 dienuizaicin\u0101jums \u201cR\u012aGAS SILTUMA\u201d 25 gadu jubilejas izaicin\u0101jums Laim\u012bgi darbinieki \u2192 veiksm\u012bgs uz\u0146\u0113mums<\/p>\n","protected":false},"author":1,"featured_media":10636,"parent":0,"menu_order":0,"comment_status":"closed","ping_status":"closed","template":"","meta":{"inline_featured_image":false,"_kad_blocks_custom_css":"","_kad_blocks_head_custom_js":"","_kad_blocks_body_custom_js":"","_kad_blocks_footer_custom_js":"","_kad_post_transparent":"","_kad_post_title":"hide","_kad_post_layout":"fullwidth","_kad_post_sidebar_id":"","_kad_post_content_style":"unboxed","_kad_post_vertical_padding":"hide","_kad_post_feature":"","_kad_post_feature_position":"","_kad_post_header":false,"_kad_post_footer":false},"aioseo_notices":[],"acf":[],"featured_image_src_large":["https:\/\/efectio.com\/wp-content\/uploads\/2021\/04\/Efectio-SuccessStories.jpg",992,518,false],"author_info":{"display_name":"user","author_link":"https:\/\/efectio.com\/lv\/author\/user\/"},"comment_info":0,"taxonomy_info":[],"uagb_featured_image_src":{"full":["https:\/\/efectio.com\/wp-content\/uploads\/2021\/04\/Efectio-SuccessStories.jpg",1000,522,false],"thumbnail":["https:\/\/efectio.com\/wp-content\/uploads\/2021\/04\/Efectio-SuccessStories-150x150.jpg",150,150,true],"medium":["https:\/\/efectio.com\/wp-content\/uploads\/2021\/04\/Efectio-SuccessStories-300x157.jpg",300,157,true],"medium_large":["https:\/\/efectio.com\/wp-content\/uploads\/2021\/04\/Efectio-SuccessStories-768x401.jpg",768,401,true],"large":["https:\/\/efectio.com\/wp-content\/uploads\/2021\/04\/Efectio-SuccessStories.jpg",992,518,false],"1536x1536":["https:\/\/efectio.com\/wp-content\/uploads\/2021\/04\/Efectio-SuccessStories.jpg",1000,522,false],"2048x2048":["https:\/\/efectio.com\/wp-content\/uploads\/2021\/04\/Efectio-SuccessStories.jpg",1000,522,false]},"uagb_author_info":{"display_name":"user","author_link":"https:\/\/efectio.com\/lv\/author\/user\/"},"uagb_comment_info":0,"uagb_excerpt":"Veiksmes st\u0101sti Latvenergo kampa\u0146a\u201cSmartEnergo\u201d Conexus 30 dienuizaicin\u0101jums \u201cBites\u201d 30 dienuizaicin\u0101jums \u201cR\u012aGAS SILTUMA\u201d 25 gadu jubilejas izaicin\u0101jums Laim\u012bgi darbinieki \u2192 veiksm\u012bgs uz\u0146\u0113mums","_links":{"self":[{"href":"https:\/\/efectio.com\/lv\/wp-json\/wp\/v2\/pages\/10778"}],"collection":[{"href":"https:\/\/efectio.com\/lv\/wp-json\/wp\/v2\/pages"}],"about":[{"href":"https:\/\/efectio.com\/lv\/wp-json\/wp\/v2\/types\/page"}],"author":[{"embeddable":true,"href":"https:\/\/efectio.com\/lv\/wp-json\/wp\/v2\/users\/1"}],"replies":[{"embeddable":true,"href":"https:\/\/efectio.com\/lv\/wp-json\/wp\/v2\/comments?post=10778"}],"version-history":[{"count":0,"href":"https:\/\/efectio.com\/lv\/wp-json\/wp\/v2\/pages\/10778\/revisions"}],"wp:featuredmedia":[{"embeddable":true,"href":"https:\/\/efectio.com\/lv\/wp-json\/wp\/v2\/media\/10636"}],"wp:attachment":[{"href":"https:\/\/efectio.com\/lv\/wp-json\/wp\/v2\/media?parent=10778"}],"curies":[{"name":"wp","href":"https:\/\/api.w.org\/{rel}","templated":true}]}}