{"id":10799,"date":"2021-02-04T08:46:34","date_gmt":"2021-02-04T08:46:34","guid":{"rendered":"https:\/\/efectio.com\/privacy-policy\/"},"modified":"2021-05-20T13:31:48","modified_gmt":"2021-05-20T13:31:48","slug":"privatuma-politika","status":"publish","type":"page","link":"https:\/\/efectio.com\/lv\/privatuma-politika\/","title":{"rendered":"Priv\u0101tuma politika"},"content":{"rendered":"\n<p>Sp\u0113k\u0101 no 2018.gada 12.augusta.<\/p>\n\n\n\n<p>Sp\u0113k\u0101 no 2018. gada 5. novembra<\/p>\n\n\n\n<p>SIA \u201cEfectio\u201d (turpm\u0101k tekst\u0101 &#8211; Efectio) Priv\u0101tuma Politika (turpm\u0101k tekst\u0101 &#8211; Priv\u0101tums) nosaka, ka Efectio iev\u0101c un apstr\u0101d\u0101 klienta un lietot\u0101ja personas datus un ievietoto saturu, apmekl\u0113jot, re\u0123istr\u0113joties un izmantojot Efectio Izaicin\u0101juma platformu, un t\u0101s pied\u0101v\u0101t\u0101s opcijas.<\/p>\n\n\n\n<p><strong>Iev\u0101ktie Dati<\/strong><\/p>\n\n\n\n<p><strong>Priv\u0101tpersonas re\u0123istr\u0101cija<\/strong><\/p>\n\n\n\n<p>Lai izmantotu Efectio Izaicin\u0101juma platformu, Lietot\u0101jam ir nepiecie\u0161ams izveidot savu profilu, ko var izdar\u012bt re\u0123istr\u0101cijas veid\u0101. Re\u0123istr\u0113joties, Lietot\u0101jam b\u016bs nepiecie\u0161ams ievad\u012bt pamatinform\u0101ciju par sevi, t.i., v\u0101rds, uzv\u0101rds un e-pasts. P\u0113c profila izveides, ja Lietot\u0101js v\u0113l\u0101s, ir iesp\u0113jams pievienot Lietot\u0101ja profil\u0101 papildinform\u0101ciju &#8211; kontaktt\u0101lruni, bildi u.c..<\/p>\n\n\n\n<p><strong>Juridiskas personas re\u0123istr\u0101cija<\/strong><\/p>\n\n\n\n<p>Lai izveidotu uz\u0146\u0113muma profilu, Lietot\u0101jam vispirms ir nepiecie\u010dams izveidot priv\u0101tpersonas profilu, tikai tad piek\u013c\u016bstot iesp\u0113jai &#8211; izveidot uz\u0146\u0113muma izaicin\u0101jumu. Attiec\u012bgi, Lietot\u0101jam re\u0123istr\u0113jot uz\u0146\u0113mumu, b\u016bs nepiecie\u0161ams ievad\u012bt sekojo\u0161u inform\u0101ciju &#8211; uz\u0146\u0113muma nosaukums, adrese &#8211; valsts, apgabals, pils\u0113ta, iela, ielas nr., valsts kods, uz\u0146\u0113muma Efectio subdom\u0113na adrese, uz\u0146\u0113muma re\u0123.nr., kontaktt\u0101lrunis un e-pasts.<\/p>\n\n\n\n<p>Izveidojot uz\u0146\u0113muma profilu Efectio Izaicin\u0101juma platform\u0101, Lietot\u0101js, kas re\u0123istr\u0113 uz\u0146\u0113mumu, k\u013c\u016bst par t\u0101 \u201cp\u0101rvaldnieku\u201d, un var izs\u016bt\u012bt citiem Lietot\u0101jiem uzaicin\u0101jumu re\u0123istr\u0113ties uz\u0146\u0113muma izaicin\u0101jumam. Uz\u0146\u0113muma izaicin\u0101juma \u201cp\u0101rvaldnieks\u201d var pie\u0161\u0137irt administratora ties\u012bbas vienam vai vair\u0101kiem (skaits neierobe\u017eots) uz\u0146\u0113muma izaicin\u0101jum\u0101 re\u0123istr\u0113tajiem Lietot\u0101jiem.<\/p>\n\n\n\n<p>Izaicin\u0101juma \u201cp\u0101rvaldnieks\u201d un \u201cadministratori\u201d var pievienot un dal\u012bt uz\u0146\u0113muma izaicin\u0101jum\u0101 eso\u0161os Lietot\u0101jus komand\u0101s.<\/p>\n\n\n\n<p><strong>Public\u0113tais saturs un aktivit\u0101te<\/strong><\/p>\n\n\n\n<p>Efectio apstr\u0101d\u0101 inform\u0101ciju par saturu, kas tiek ievietots Lietot\u0101ja platformas profil\u0101 un izaicin\u0101juma kalend\u0101r\u0101, k\u0101 ar\u012b Lietot\u0101ju veidotajiem koment\u0101riem un \u201cpat\u012bk\u201d atz\u012bm\u0113m pie citu Lietot\u0101ju ievietotaj\u0101m bild\u0113m.<\/p>\n\n\n\n<p>Tiek fiks\u0113ta Lietot\u0101ja dal\u012bba un aktivit\u0101te Izaicin\u0101juma platform\u0101, t.i., izpild\u012btie izaicin\u0101jumi, sav\u0101ktie izaicin\u0101juma punkti, ievieto\u0101s bildes, laim\u0113t\u0101s balvas, koment\u0101ri un atz\u012bme \u201cpat\u012bk\u201d pie citu Lietot\u0101ju sniegumiem.<\/p>\n\n\n\n<p><strong>Tie\u0161saistes anal\u012btikas r\u012bki<\/strong><\/p>\n\n\n\n<p>Efectio izmanto tie\u0161saistes anal\u012btikas r\u012bkus (piem\u0113ram, Google analytic, FB Pixel), kas apkopot\u0101 veid\u0101 iev\u0101c un sniedz inform\u0101ciju par Lietot\u0101ju Izaicin\u0101juma platformas lieto\u0161anas paradumiem, k\u0101 ar\u012b citu anon\u012bmu inform\u0101ciju.<\/p>\n\n\n\n<p><strong>Datu redzam\u012bba<\/strong><\/p>\n\n\n\n<p>Ievad\u012btie Lietot\u0101ju dati, k\u0101 ar\u012b Lietot\u0101ju aktivit\u0101te ir redzama Efectio uz\u0146\u0113muma darbiniekiem, kas atbild\u012bgi par Izaicin\u0101juma platformas tehnisko darb\u012bbu, k\u0101 ar\u012b saturu.<\/p>\n\n\n\n<p>Lietot\u0101ja profil\u0101 nor\u0101d\u012btie dati (v\u0101rds, uzv\u0101rds, profila bilde) un profil\u0101 eso\u0161ais saturs (piem\u0113ram, public\u0113tie izaicin\u0101juma att\u0113li, koment\u0101ri pie bild\u0113m) ir publiski pieejami visiem p\u0101r\u0113jiem Izaicin\u0101juma platformas lietot\u0101jiem un Izaicin\u0101juma platformas administratoriem.<\/p>\n\n\n\n<p>Ja Lietot\u0101js ir re\u0123istr\u0113jies uz\u0146\u0113muma izaicin\u0101jumam, ievad\u012bt\u0101 profila inform\u0101cija ir redzama un redi\u0123\u0113jama ar\u012b uz\u0146\u0113muma izaicin\u0101juma \u201cp\u0101rvaldniekam\u201d un t\u0101 \u201cadministratoriem\u201d. Izaicin\u0101juma &nbsp;\u201cp\u0101rvaldnieks\u201d un \u201dadministratori\u201d var redi\u0123\u0113t eso\u0161o inform\u0101ciju (iz\u0146emot e-pastu) vai pievienot jaunu inform\u0101ciju, kura nav publiski redzama nedz labot\u0101 profila Lietot\u0101jam, nedz citiem Lietot\u0101jiem, k\u0101 ar\u012b dz\u0113st Lietot\u0101ju. &nbsp;<\/p>\n\n\n\n<p><strong>Datu apstr\u0101des Tiesiskais pamats<\/strong><\/p>\n\n\n\n<p>Personu datu apstr\u0101de nepiecie\u0161ama l\u012bgumsaist\u012bbu izpildei (VDAR 6.p.1.d.(b) apak\u0161punkts), k\u0101 ar\u012b ir pamatota ar p\u0101rzi\u0146a le\u0123it\u012bm\u0101m interes\u0113m (VDAR 6.p.1.d.(f) apak\u0161punkts).<\/p>\n\n\n\n<p><strong>Datu izmanto\u0161ana<\/strong><\/p>\n\n\n\n<p>Iev\u0101ktie dati galvenok\u0101rt tiek izmantoti, lai nodro\u0161in\u0101tu piek\u013cuvi Efectio Izaicin\u0101juma platformai un var\u0113tu to pilnv\u0113rt\u012bgi izmantot ikviens t\u0101s Lietot\u0101js, tostarp, lai:<\/p>\n\n\n\n<ul><li>p\u0101rvald\u012btu Lietot\u0101ja kontu Izaicin\u0101juma platform\u0101;<\/li><li>identific\u0113tu Lietot\u0101ju, Izaicin\u0101juma platformas pierakst\u012b\u0161an\u0101s br\u012bd\u012b;<\/li><li>sekot l\u012bdzi Izaicin\u0101juma platform\u0101 notieko\u0161ajam progresam, lai noteiktu vai Lietot\u0101js ir ties\u012bgs sa\u0146emt balvas;<\/li><li>anon\u012bmai, apkopotai datu anal\u012bzei, izmantojot Izaicin\u0101juma platformu un apmekl\u0113t\u0101jus, lai var\u0113tu uzlabot m\u016bsu saturu un pakalpojumus.<\/li><\/ul>\n\n\n\n<p><strong>Datu Glab\u0101\u0161ana<\/strong><\/p>\n\n\n\n<p>Lietot\u0101ja dati tiek apstr\u0101di un uzglab\u0101ti datub\u0101z\u0113s uz&nbsp;<em>Amazone Web Service<\/em>&nbsp;servera, kas atrodas Eiropas Savien\u012bb\u0101. Visi dati tiek apstr\u0101di un uzglab\u0101ti l\u012bdz br\u012bdim, kam\u0113r Lietot\u0101js savu profilu ir izdz\u0113sis vai Uz\u0146\u0113mums, kura kont\u0101 Lietot\u0101ja profils atrod\u0101s to ir dz\u0113sis.<\/p>\n\n\n\n<p><strong>Lietot\u0101ja Ties\u012bbas<\/strong><\/p>\n\n\n\n<p>Lietot\u0101jam ir ties\u012bbas:<\/p>\n\n\n\n<ul><li>ieg\u016bt visu inform\u0101ciju, kas par Jums ir Efectio r\u012bc\u012bb\u0101;<\/li><li>ieg\u016bt inform\u0101ciju par t\u0101m fiziskaj\u0101m vai juridiskaj\u0101m person\u0101m, kuras noteikt\u0101 laika posm\u0101 ir sa\u0146\u0113mu\u0161as inform\u0101ciju par Jums, ja vien \u0161\u0101das inform\u0101cijas atkl\u0101\u0161ana nav pretrun\u0101 ar likumu;<\/li><li>ieg\u016bt inform\u0101ciju par datumu, kad J\u016bsu personas datos p\u0113d\u0113jo reizi izdar\u012bti labojumi, dati dz\u0113sti vai blo\u0137\u0113ti;<\/li><li>ties\u012bbas iesniegt s\u016bdz\u012bbu datu aizsardz\u012bbas iest\u0101dei;<\/li><li>vai j\u016bsu dati tiks nos\u016bt\u012bti \u0101rpus ES;<\/li><li>vai, izmantojot j\u016bsu datus, tiks pie\u0146emti automatiz\u0113ti l\u0113mumi;<\/li><\/ul>\n\n\n\n<p><strong>Konta Dz\u0113\u0161ana<\/strong><\/p>\n\n\n\n<p>Lietot\u0101js var izdz\u0113st savu profilu jebkur\u0101 br\u012bd\u012b. Tikl\u012bdz, k\u0101 tiek izdz\u0113sts Lietot\u0101ja konts, tiek dz\u0113sti ar\u012b Lietot\u0101ja personas dati, t.i., v\u0101rds, uzv\u0101rds, e-pasts, kontaktt\u0101lrunis, profila bilde. Ievietotais saturs, k\u0101 ar\u012b sasniegtais progress izaicin\u0101juma ietvaros tiek uzglab\u0101ts Izaicin\u0101juma platform\u0101, bet Lietot\u0101js visur par\u0101d\u0101s zem&nbsp;<em>dz\u0113sts lietot\u0101js<\/em>&nbsp;apz\u012bm\u0113juma.<\/p>\n\n\n\n<p><strong>Atg\u0101din\u0101jumi un e-pasti<\/strong><\/p>\n\n\n\n<p>Ilg\u0101ku laiku neierodoties Izaicin\u0101juma platform\u0101, Lietot\u0101js sa\u0146ems atg\u0101din\u0101juma e-pastus par izaicin\u0101jumu, kur\u0101 Lietot\u0101js ir pieteicies un piedal\u0101s. Tostarp, Efectio var s\u016bt\u012bt inform\u0101ciju par jaunumiem un aktualit\u0101t\u0113m, kas saist\u012bta ar Efectio Izaicin\u0101jumiem, &nbsp;k\u0101 ar\u012b citu, noder\u012bgu inform\u0101ciju par&nbsp;<em>labsaj\u016bt<\/em>u&nbsp;un vesel\u012bga dz\u012bvesveida t\u0113m\u0101m. Ja Lietot\u0101js nev\u0113las sa\u0146emt atg\u0101din\u0101jumus, tos ir iesp\u0113jams atsl\u0113gt.<\/p>\n","protected":false},"excerpt":{"rendered":"<p>Sp\u0113k\u0101 no 2018.gada 12.augusta. Sp\u0113k\u0101 no 2018. gada 5. novembra SIA \u201cEfectio\u201d (turpm\u0101k tekst\u0101 &#8211; Efectio) Priv\u0101tuma Politika (turpm\u0101k tekst\u0101 &#8211; Priv\u0101tums) nosaka, ka Efectio iev\u0101c un apstr\u0101d\u0101 klienta un lietot\u0101ja personas datus un ievietoto saturu, apmekl\u0113jot, re\u0123istr\u0113joties un izmantojot Efectio Izaicin\u0101juma platformu, un t\u0101s pied\u0101v\u0101t\u0101s opcijas. Iev\u0101ktie Dati Priv\u0101tpersonas re\u0123istr\u0101cija Lai izmantotu Efectio Izaicin\u0101juma&#8230;<\/p>\n","protected":false},"author":1,"featured_media":10170,"parent":0,"menu_order":0,"comment_status":"closed","ping_status":"open","template":"","meta":{"inline_featured_image":false,"_kad_blocks_custom_css":"","_kad_blocks_head_custom_js":"","_kad_blocks_body_custom_js":"","_kad_blocks_footer_custom_js":"","_kad_post_transparent":"","_kad_post_title":"","_kad_post_layout":"","_kad_post_sidebar_id":"","_kad_post_content_style":"","_kad_post_vertical_padding":"","_kad_post_feature":"","_kad_post_feature_position":"","_kad_post_header":false,"_kad_post_footer":false},"aioseo_notices":[],"acf":[],"featured_image_src_large":["https:\/\/efectio.com\/wp-content\/uploads\/2021\/04\/EfectioMainFeatured-1.jpg",992,518,false],"author_info":{"display_name":"user","author_link":"https:\/\/efectio.com\/lv\/author\/user\/"},"comment_info":0,"taxonomy_info":[],"uagb_featured_image_src":{"full":["https:\/\/efectio.com\/wp-content\/uploads\/2021\/04\/EfectioMainFeatured-1.jpg",1000,522,false],"thumbnail":["https:\/\/efectio.com\/wp-content\/uploads\/2021\/04\/EfectioMainFeatured-1-150x150.jpg",150,150,true],"medium":["https:\/\/efectio.com\/wp-content\/uploads\/2021\/04\/EfectioMainFeatured-1-300x157.jpg",300,157,true],"medium_large":["https:\/\/efectio.com\/wp-content\/uploads\/2021\/04\/EfectioMainFeatured-1-768x401.jpg",768,401,true],"large":["https:\/\/efectio.com\/wp-content\/uploads\/2021\/04\/EfectioMainFeatured-1.jpg",992,518,false],"1536x1536":["https:\/\/efectio.com\/wp-content\/uploads\/2021\/04\/EfectioMainFeatured-1.jpg",1000,522,false],"2048x2048":["https:\/\/efectio.com\/wp-content\/uploads\/2021\/04\/EfectioMainFeatured-1.jpg",1000,522,false]},"uagb_author_info":{"display_name":"user","author_link":"https:\/\/efectio.com\/lv\/author\/user\/"},"uagb_comment_info":0,"uagb_excerpt":"Sp\u0113k\u0101 no 2018.gada 12.augusta. Sp\u0113k\u0101 no 2018. gada 5. novembra SIA \u201cEfectio\u201d (turpm\u0101k tekst\u0101 &#8211; Efectio) Priv\u0101tuma Politika (turpm\u0101k tekst\u0101 &#8211; Priv\u0101tums) nosaka, ka Efectio iev\u0101c un apstr\u0101d\u0101 klienta un lietot\u0101ja personas datus un ievietoto saturu, apmekl\u0113jot, re\u0123istr\u0113joties un izmantojot Efectio Izaicin\u0101juma platformu, un t\u0101s pied\u0101v\u0101t\u0101s opcijas. Iev\u0101ktie Dati Priv\u0101tpersonas re\u0123istr\u0101cija Lai izmantotu Efectio Izaicin\u0101juma...","_links":{"self":[{"href":"https:\/\/efectio.com\/lv\/wp-json\/wp\/v2\/pages\/10799"}],"collection":[{"href":"https:\/\/efectio.com\/lv\/wp-json\/wp\/v2\/pages"}],"about":[{"href":"https:\/\/efectio.com\/lv\/wp-json\/wp\/v2\/types\/page"}],"author":[{"embeddable":true,"href":"https:\/\/efectio.com\/lv\/wp-json\/wp\/v2\/users\/1"}],"replies":[{"embeddable":true,"href":"https:\/\/efectio.com\/lv\/wp-json\/wp\/v2\/comments?post=10799"}],"version-history":[{"count":0,"href":"https:\/\/efectio.com\/lv\/wp-json\/wp\/v2\/pages\/10799\/revisions"}],"wp:featuredmedia":[{"embeddable":true,"href":"https:\/\/efectio.com\/lv\/wp-json\/wp\/v2\/media\/10170"}],"wp:attachment":[{"href":"https:\/\/efectio.com\/lv\/wp-json\/wp\/v2\/media?parent=10799"}],"curies":[{"name":"wp","href":"https:\/\/api.w.org\/{rel}","templated":true}]}}