{"id":13154,"date":"2021-05-05T07:20:11","date_gmt":"2021-05-05T07:20:11","guid":{"rendered":"https:\/\/efectio.com\/?page_id=13154"},"modified":"2021-05-20T14:45:49","modified_gmt":"2021-05-20T14:45:49","slug":"paldies-mentor","status":"publish","type":"page","link":"https:\/\/efectio.com\/lv\/paldies-mentor\/","title":{"rendered":"Paldies mentor"},"content":{"rendered":"\n<div class=\"wp-block-cover aligncenter has-background-dim-70 has-theme-palette-2-background-color has-background-dim\" style=\"min-height:100vh\"><img loading=\"lazy\" width=\"1200\" height=\"600\" class=\"wp-block-cover__image-background wp-image-9809\" alt=\"\" src=\"https:\/\/efectio.com\/wp-content\/uploads\/2021\/04\/achievement-adult-agreement-1153213-1200x600.bk_.jpg\" data-object-fit=\"cover\" srcset=\"https:\/\/efectio.com\/wp-content\/uploads\/2021\/04\/achievement-adult-agreement-1153213-1200x600.bk_.jpg 1200w, https:\/\/efectio.com\/wp-content\/uploads\/2021\/04\/achievement-adult-agreement-1153213-1200x600.bk_-300x150.jpg 300w, https:\/\/efectio.com\/wp-content\/uploads\/2021\/04\/achievement-adult-agreement-1153213-1200x600.bk_-1024x512.jpg 1024w, https:\/\/efectio.com\/wp-content\/uploads\/2021\/04\/achievement-adult-agreement-1153213-1200x600.bk_-768x384.jpg 768w\" sizes=\"(max-width: 1200px) 100vw, 1200px\" \/><div class=\"wp-block-cover__inner-container\">\n<div style=\"height:50px\" aria-hidden=\"true\" class=\"wp-block-spacer\"><\/div>\n\n\n\n<h1 class=\"has-text-align-center has-theme-palette-9-color has-text-color has-large-font-size\">Prieks, ka pieteicies k\u013c\u016bt par MENTORU!<\/h1>\n\n\n\n<div style=\"height:30px\" aria-hidden=\"true\" class=\"wp-block-spacer\"><\/div>\n\n\n<style id=\"kb-advancedheading_cb6e14-63\">#kt-adv-heading_cb6e14-63, #kt-adv-heading_cb6e14-63 .wp-block-kadence-advancedheading, .wp-block-kadence-advancedheading.kt-adv-heading_cb6e14-63[data-kb-block=\"kb-adv-heading_cb6e14-63\"], .kadence-advanced-heading-wrapper .kt-adv-heading_cb6e14-63[data-kb-block=\"kb-adv-heading_cb6e14-63\"]{text-align:center;}<\/style>\n<h3 class=\"kt-adv-heading_cb6e14-63 wp-block-kadence-advancedheading\" data-kb-block=\"kb-adv-heading_cb6e14-63\">Lai garant\u0113tu, ka Tev pien\u0101ks visas zi\u0146as no Efectio, l\u016bdzu, pievieno m\u016bsu e-pastu, info@efectio.com sav\u0101 kontaktu gr\u0101mat\u0101.<\/h3>\n\n\n\n<div style=\"height:30px\" aria-hidden=\"true\" class=\"wp-block-spacer\"><\/div>\n\n\n\n<h2 class=\"has-text-align-center\">Jauku dienu!<\/h2>\n\n\n\n<div style=\"height:30px\" aria-hidden=\"true\" class=\"wp-block-spacer\"><\/div>\n\n\n<style id=\"kb-advancedbtn_222170-8d\">.kt-btns_222170-8d .kt-btn-wrap-0{margin-right:5px;}.rtl .kt-btns_222170-8d .kt-btn-wrap-0{margin-left:5px;margin-right:0px;}.wp-block-kadence-advancedbtn.kt-btns_222170-8d .kt-btn-wrap-0 .kt-button::before{display:none;}<\/style>\n<div class=\"wp-block-kadence-advancedbtn kt-btn-align-center kt-btn-tablet-align-inherit kt-btn-mobile-align-inherit kt-btns-wrap kt-btns_222170-8d\"><div class=\"kt-btn-wrap kt-btn-wrap-0\"><a class=\"kt-button button kt-btn-0-action kt-btn-size-standard kt-btn-style-basic kt-btn-svg-show-always kt-btn-has-text-true kt-btn-has-svg-false kb-btn-global-inherit wp-block-button__link\" href=\"https:\/\/efectio.com\/lv\"><span class=\"kt-btn-inner-text\"><strong>UZ S\u0100KUMLAPU<\/strong><\/span><\/a><\/div><\/div>\n<\/div><\/div>\n","protected":false},"excerpt":{"rendered":"","protected":false},"author":1,"featured_media":10170,"parent":0,"menu_order":0,"comment_status":"closed","ping_status":"closed","template":"","meta":{"inline_featured_image":false,"_kad_blocks_custom_css":"","_kad_blocks_head_custom_js":"","_kad_blocks_body_custom_js":"","_kad_blocks_footer_custom_js":"","_kad_post_transparent":"default","_kad_post_title":"hide","_kad_post_layout":"fullwidth","_kad_post_sidebar_id":"","_kad_post_content_style":"unboxed","_kad_post_vertical_padding":"","_kad_post_feature":"","_kad_post_feature_position":"","_kad_post_header":false,"_kad_post_footer":false},"aioseo_notices":[],"acf":[],"featured_image_src_large":["https:\/\/efectio.com\/wp-content\/uploads\/2021\/04\/EfectioMainFeatured-1.jpg",992,518,false],"author_info":{"display_name":"user","author_link":"https:\/\/efectio.com\/lv\/author\/user\/"},"comment_info":0,"taxonomy_info":[],"uagb_featured_image_src":{"full":["https:\/\/efectio.com\/wp-content\/uploads\/2021\/04\/EfectioMainFeatured-1.jpg",1000,522,false],"thumbnail":["https:\/\/efectio.com\/wp-content\/uploads\/2021\/04\/EfectioMainFeatured-1-150x150.jpg",150,150,true],"medium":["https:\/\/efectio.com\/wp-content\/uploads\/2021\/04\/EfectioMainFeatured-1-300x157.jpg",300,157,true],"medium_large":["https:\/\/efectio.com\/wp-content\/uploads\/2021\/04\/EfectioMainFeatured-1-768x401.jpg",768,401,true],"large":["https:\/\/efectio.com\/wp-content\/uploads\/2021\/04\/EfectioMainFeatured-1.jpg",992,518,false],"1536x1536":["https:\/\/efectio.com\/wp-content\/uploads\/2021\/04\/EfectioMainFeatured-1.jpg",1000,522,false],"2048x2048":["https:\/\/efectio.com\/wp-content\/uploads\/2021\/04\/EfectioMainFeatured-1.jpg",1000,522,false]},"uagb_author_info":{"display_name":"user","author_link":"https:\/\/efectio.com\/lv\/author\/user\/"},"uagb_comment_info":0,"uagb_excerpt":null,"_links":{"self":[{"href":"https:\/\/efectio.com\/lv\/wp-json\/wp\/v2\/pages\/13154"}],"collection":[{"href":"https:\/\/efectio.com\/lv\/wp-json\/wp\/v2\/pages"}],"about":[{"href":"https:\/\/efectio.com\/lv\/wp-json\/wp\/v2\/types\/page"}],"author":[{"embeddable":true,"href":"https:\/\/efectio.com\/lv\/wp-json\/wp\/v2\/users\/1"}],"replies":[{"embeddable":true,"href":"https:\/\/efectio.com\/lv\/wp-json\/wp\/v2\/comments?post=13154"}],"version-history":[{"count":0,"href":"https:\/\/efectio.com\/lv\/wp-json\/wp\/v2\/pages\/13154\/revisions"}],"wp:featuredmedia":[{"embeddable":true,"href":"https:\/\/efectio.com\/lv\/wp-json\/wp\/v2\/media\/10170"}],"wp:attachment":[{"href":"https:\/\/efectio.com\/lv\/wp-json\/wp\/v2\/media?parent=13154"}],"curies":[{"name":"wp","href":"https:\/\/api.w.org\/{rel}","templated":true}]}}