{"id":14298,"date":"2021-06-03T05:07:27","date_gmt":"2021-06-03T05:07:27","guid":{"rendered":"https:\/\/efectio.com\/?page_id=14298"},"modified":"2021-08-17T19:38:57","modified_gmt":"2021-08-17T19:38:57","slug":"egramatas","status":"publish","type":"page","link":"https:\/\/efectio.com\/lv\/egramatas\/","title":{"rendered":"E-gr\u0101matas"},"content":{"rendered":"<style id=\"kb-rowlayout_ce12ec-1f\">#kt-layout-id_ce12ec-1f > .kt-row-column-wrap{padding-top:160px;padding-bottom:64px;min-height:100vh;max-width:1140px;margin-left:auto;margin-right:auto;}#kt-layout-id_ce12ec-1f > .kt-row-layout-overlay{opacity:0.70;background-color:#ecf0f5;mix-blend-mode:normal;}@media all and (max-width: 1024px){#kt-layout-id_ce12ec-1f > .kt-row-column-wrap{padding-top:100px;}}@media all and (max-width: 767px){#kt-layout-id_ce12ec-1f > .kt-row-column-wrap{padding-top:100px;}}<\/style>\n<div class=\"wp-block-kadence-rowlayout aligncenter\" id=\"apply\"><div id=\"kt-layout-id_ce12ec-1f\" class=\"kt-row-layout-inner kt-row-has-bg kt-layout-id_ce12ec-1f\"><div class=\"kt-row-layout-overlay kt-row-overlay-normal\"><\/div><div class=\"kt-row-column-wrap kt-has-1-columns kt-gutter-default kt-v-gutter-default kt-row-valign-middle kt-row-layout-equal kt-tab-layout-inherit kt-m-colapse-left-to-right kt-mobile-layout-row kt-inner-column-height-full\">\n<div class=\"wp-block-kadence-column inner-column-1 kadence-column_fe93c6-c7\"><div class=\"kt-inside-inner-col\"><style id=\"kb-advancedheading_df718b-a4\">#kt-adv-heading_df718b-a4, #kt-adv-heading_df718b-a4 .wp-block-kadence-advancedheading, .wp-block-kadence-advancedheading.kt-adv-heading_df718b-a4[data-kb-block=\"kb-adv-heading_df718b-a4\"], .kadence-advanced-heading-wrapper .kt-adv-heading_df718b-a4[data-kb-block=\"kb-adv-heading_df718b-a4\"]{text-align:center;}<\/style>\n<h1 class=\"kt-adv-heading_df718b-a4 first-section-h1 wp-block-kadence-advancedheading has-theme-palette-2-color has-text-color\" data-kb-block=\"kb-adv-heading_df718b-a4\"><strong><strong>E-gr\u0101matas<\/strong><\/strong><\/h1>\n\n\n\n<div style=\"height:60px\" aria-hidden=\"true\" class=\"wp-block-spacer\"><\/div>\n\n\n\n<div class=\"wp-block-media-text alignwide has-media-on-the-right is-stacked-on-mobile is-vertically-aligned-center\"><figure class=\"wp-block-media-text__media\"><img loading=\"lazy\" width=\"1024\" height=\"1024\" src=\"https:\/\/efectio.com\/wp-content\/uploads\/2021\/06\/cover_efectio-ebook_4_panemieni-1024x1024.png\" alt=\"\" class=\"wp-image-14314 size-full\" srcset=\"https:\/\/efectio.com\/wp-content\/uploads\/2021\/06\/cover_efectio-ebook_4_panemieni-1024x1024.png 1024w, https:\/\/efectio.com\/wp-content\/uploads\/2021\/06\/cover_efectio-ebook_4_panemieni-300x300.png 300w, https:\/\/efectio.com\/wp-content\/uploads\/2021\/06\/cover_efectio-ebook_4_panemieni-150x150.png 150w, https:\/\/efectio.com\/wp-content\/uploads\/2021\/06\/cover_efectio-ebook_4_panemieni-768x768.png 768w, https:\/\/efectio.com\/wp-content\/uploads\/2021\/06\/cover_efectio-ebook_4_panemieni.png 1200w\" sizes=\"(max-width: 1024px) 100vw, 1024px\" \/><\/figure><div class=\"wp-block-media-text__content\">\n<div style=\"height:30px\" aria-hidden=\"true\" class=\"wp-block-spacer uag-hide-desktop uag-hide-tab\"><\/div>\n\n\n<style id=\"kb-advancedheading_2a57a9-33\">#kt-adv-heading_2a57a9-33, #kt-adv-heading_2a57a9-33 .wp-block-kadence-advancedheading, .wp-block-kadence-advancedheading.kt-adv-heading_2a57a9-33[data-kb-block=\"kb-adv-heading_2a57a9-33\"], .kadence-advanced-heading-wrapper .kt-adv-heading_2a57a9-33[data-kb-block=\"kb-adv-heading_2a57a9-33\"]{text-align:left;font-size:36px;}@media all and (max-width: 1024px){#kt-adv-heading_2a57a9-33, #kt-adv-heading_2a57a9-33 .wp-block-kadence-advancedheading, .wp-block-kadence-advancedheading.kt-adv-heading_2a57a9-33[data-kb-block=\"kb-adv-heading_2a57a9-33\"], .kadence-advanced-heading-wrapper .kt-adv-heading_2a57a9-33[data-kb-block=\"kb-adv-heading_2a57a9-33\"]{text-align:center!important;}}@media all and (max-width: 767px){#kt-adv-heading_2a57a9-33, #kt-adv-heading_2a57a9-33 .wp-block-kadence-advancedheading, .wp-block-kadence-advancedheading.kt-adv-heading_2a57a9-33[data-kb-block=\"kb-adv-heading_2a57a9-33\"], .kadence-advanced-heading-wrapper .kt-adv-heading_2a57a9-33[data-kb-block=\"kb-adv-heading_2a57a9-33\"]{text-align:center!important;}}<\/style>\n<h2 class=\"kt-adv-heading_2a57a9-33 wp-block-kadence-advancedheading\" data-kb-block=\"kb-adv-heading_2a57a9-33\">\u010cetri pa\u0146\u0113mieni, k\u0101 efekt\u012bvi iesaist\u012bt darba komandu<\/h2>\n\n\n\n<div style=\"height:40px\" aria-hidden=\"true\" class=\"wp-block-spacer\"><\/div>\n\n\n<style id=\"kb-advancedheading_3eeea2-e9\">#kt-adv-heading_3eeea2-e9, #kt-adv-heading_3eeea2-e9 .wp-block-kadence-advancedheading, .wp-block-kadence-advancedheading.kt-adv-heading_3eeea2-e9[data-kb-block=\"kb-adv-heading_3eeea2-e9\"], .kadence-advanced-heading-wrapper .kt-adv-heading_3eeea2-e9[data-kb-block=\"kb-adv-heading_3eeea2-e9\"]{text-align:left;font-size:24px;}@media all and (max-width: 1024px){#kt-adv-heading_3eeea2-e9, #kt-adv-heading_3eeea2-e9 .wp-block-kadence-advancedheading, .wp-block-kadence-advancedheading.kt-adv-heading_3eeea2-e9[data-kb-block=\"kb-adv-heading_3eeea2-e9\"], .kadence-advanced-heading-wrapper .kt-adv-heading_3eeea2-e9[data-kb-block=\"kb-adv-heading_3eeea2-e9\"]{text-align:center!important;}}@media all and (max-width: 767px){#kt-adv-heading_3eeea2-e9, #kt-adv-heading_3eeea2-e9 .wp-block-kadence-advancedheading, .wp-block-kadence-advancedheading.kt-adv-heading_3eeea2-e9[data-kb-block=\"kb-adv-heading_3eeea2-e9\"], .kadence-advanced-heading-wrapper .kt-adv-heading_3eeea2-e9[data-kb-block=\"kb-adv-heading_3eeea2-e9\"]{font-size:21px;text-align:center!important;}}<\/style>\n<p class=\"kt-adv-heading_3eeea2-e9 p-ebooks wp-block-kadence-advancedheading\" data-kb-block=\"kb-adv-heading_3eeea2-e9\">Cik strauj\u0101 temp\u0101 Tava organiz\u0101cija g\u016bst pan\u0101kumus? Ja darbinieki ir patiesi ieinteres\u0113ti uz\u0146\u0113muma m\u0113r\u0137u sasnieg\u0161an\u0101 un str\u0101d\u0101 ar entuziasmu, rezult\u0101ti ir daudz iespaid\u012bg\u0101ki, nek\u0101 str\u0101d\u0101jot bez iesaistes. Uzzini, k\u0101di ir efekt\u012bv\u0101kie veidi visaptvero\u0161ai komandas iesaistes uzlabo\u0161anai un k\u0101 tos praktiski ieviest sav\u0101 uz\u0146\u0113mum\u0101 jau \u0161odien!<\/p>\n\n\n\n<div style=\"height:40px\" aria-hidden=\"true\" class=\"wp-block-spacer uag-hide-mob\"><\/div>\n\n\n<style id=\"kb-advancedbtn_3d71c2-c5\">.wp-block-kadence-advancedbtn.kt-btns_3d71c2-c5, .site .entry-content .wp-block-kadence-advancedbtn.kt-btns_3d71c2-c5{margin-top:27px;}.kt-btns_3d71c2-c5 .kt-btn-wrap-0{margin-right:5px;}.rtl .kt-btns_3d71c2-c5 .kt-btn-wrap-0{margin-left:5px;margin-right:0px;}.wp-block-kadence-advancedbtn.kt-btns_3d71c2-c5 .kt-btn-wrap-0 .kt-button{color:var(--global-palette9, #ffffff);background:#ec008c;border-color:rgba(85, 85, 85, 0);}.wp-block-kadence-advancedbtn.kt-btns_3d71c2-c5 .kt-btn-wrap-0 .kt-button:hover, .wp-block-kadence-advancedbtn.kt-btns_3d71c2-c5 .kt-btn-wrap-0 .kt-button:focus{color:#ffffff;}.wp-block-kadence-advancedbtn.kt-btns_3d71c2-c5 .kt-btn-wrap-0 .kt-button::before{display:none;}.wp-block-kadence-advancedbtn.kt-btns_3d71c2-c5 .kt-btn-wrap-0 .kt-button:hover, .wp-block-kadence-advancedbtn.kt-btns_3d71c2-c5 .kt-btn-wrap-0 .kt-button:focus{background:#020228;}<\/style>\n<div class=\"wp-block-kadence-advancedbtn kt-btn-align-center kt-btn-tablet-align-center kt-btn-mobile-align-center kt-btns-wrap kt-btns_3d71c2-c5 kt-force-btn-fullwidth\"><div class=\"kt-btn-wrap kt-btn-wrap-0\"><a class=\"kt-button button kt-btn-0-action kt-btn-size-standard kt-btn-style-basic kt-btn-svg-show-always kt-btn-has-text-true kt-btn-has-svg-false\" href=\"#brave_open_popup_15444\" style=\"border-radius:5px\"><span class=\"kt-btn-inner-text\">SA\u0145EMT E-GR\u0100MATU<\/span><\/a><\/div><\/div>\n<\/div><\/div>\n\n\n\n<div style=\"height:30px\" aria-hidden=\"true\" class=\"wp-block-spacer uag-hide-desktop uag-hide-tab\"><\/div>\n\n\n\n<div class=\"wp-block-media-text alignwide is-stacked-on-mobile is-vertically-aligned-center\"><figure class=\"wp-block-media-text__media\"><img loading=\"lazy\" width=\"1024\" height=\"1024\" src=\"https:\/\/efectio.com\/wp-content\/uploads\/2021\/06\/cover_efectio-ebook_praktiskas_idejas_darbinieku_novertesanai-1024x1024.png\" alt=\"\" class=\"wp-image-14332 size-full\" srcset=\"https:\/\/efectio.com\/wp-content\/uploads\/2021\/06\/cover_efectio-ebook_praktiskas_idejas_darbinieku_novertesanai-1024x1024.png 1024w, https:\/\/efectio.com\/wp-content\/uploads\/2021\/06\/cover_efectio-ebook_praktiskas_idejas_darbinieku_novertesanai-300x300.png 300w, https:\/\/efectio.com\/wp-content\/uploads\/2021\/06\/cover_efectio-ebook_praktiskas_idejas_darbinieku_novertesanai-150x150.png 150w, https:\/\/efectio.com\/wp-content\/uploads\/2021\/06\/cover_efectio-ebook_praktiskas_idejas_darbinieku_novertesanai-768x768.png 768w, https:\/\/efectio.com\/wp-content\/uploads\/2021\/06\/cover_efectio-ebook_praktiskas_idejas_darbinieku_novertesanai.png 1200w\" sizes=\"(max-width: 1024px) 100vw, 1024px\" \/><\/figure><div class=\"wp-block-media-text__content\">\n<div style=\"height:30px\" aria-hidden=\"true\" class=\"wp-block-spacer uag-hide-desktop uag-hide-tab\"><\/div>\n\n\n<style id=\"kb-advancedheading_93b62c-f3\">#kt-adv-heading_93b62c-f3, #kt-adv-heading_93b62c-f3 .wp-block-kadence-advancedheading, .wp-block-kadence-advancedheading.kt-adv-heading_93b62c-f3[data-kb-block=\"kb-adv-heading_93b62c-f3\"], .kadence-advanced-heading-wrapper .kt-adv-heading_93b62c-f3[data-kb-block=\"kb-adv-heading_93b62c-f3\"]{text-align:left;font-size:36px;}@media all and (max-width: 767px){#kt-adv-heading_93b62c-f3, #kt-adv-heading_93b62c-f3 .wp-block-kadence-advancedheading, .wp-block-kadence-advancedheading.kt-adv-heading_93b62c-f3[data-kb-block=\"kb-adv-heading_93b62c-f3\"], .kadence-advanced-heading-wrapper .kt-adv-heading_93b62c-f3[data-kb-block=\"kb-adv-heading_93b62c-f3\"]{text-align:center!important;}}<\/style>\n<h2 class=\"kt-adv-heading_93b62c-f3 wp-block-kadence-advancedheading\" data-kb-block=\"kb-adv-heading_93b62c-f3\">K\u0101 nov\u0113rt\u0113t, motiv\u0113t un atz\u012bt darbiniekus?<\/h2>\n\n\n\n<div style=\"height:40px\" aria-hidden=\"true\" class=\"wp-block-spacer\"><\/div>\n\n\n<style id=\"kb-advancedheading_b71787-e3\">#kt-adv-heading_b71787-e3, #kt-adv-heading_b71787-e3 .wp-block-kadence-advancedheading, .wp-block-kadence-advancedheading.kt-adv-heading_b71787-e3[data-kb-block=\"kb-adv-heading_b71787-e3\"], .kadence-advanced-heading-wrapper .kt-adv-heading_b71787-e3[data-kb-block=\"kb-adv-heading_b71787-e3\"]{text-align:left;font-size:24px;}@media all and (max-width: 767px){#kt-adv-heading_b71787-e3, #kt-adv-heading_b71787-e3 .wp-block-kadence-advancedheading, .wp-block-kadence-advancedheading.kt-adv-heading_b71787-e3[data-kb-block=\"kb-adv-heading_b71787-e3\"], .kadence-advanced-heading-wrapper .kt-adv-heading_b71787-e3[data-kb-block=\"kb-adv-heading_b71787-e3\"]{font-size:21px;text-align:center!important;}}<\/style>\n<p class=\"kt-adv-heading_b71787-e3 p-ebooks wp-block-kadence-advancedheading\" data-kb-block=\"kb-adv-heading_b71787-e3\">Vai maz ir iesp\u0113jams pien\u0101c\u012bgi atz\u012bt un apbalvot savu darba komandu, neapzogot banku? Ikviens darbinieks v\u0113las b\u016bt nov\u0113rt\u0113ts par sasniegumiem, centieniem un prasm\u0113m, kas pozit\u012bvi ietekm\u0113 vi\u0146a darba kvalit\u0101ti. Uzzini, k\u0101p\u0113c nov\u0113rt\u0113t uz\u0146\u0113muma darbiniekus jau \u0161odien un k\u0101di apbalvojuma veidi darbojas vislab\u0101k!<\/p>\n\n\n\n<div style=\"height:40px\" aria-hidden=\"true\" class=\"wp-block-spacer uag-hide-mob\"><\/div>\n\n\n<style id=\"kb-advancedbtn_84cd6a-11\">.wp-block-kadence-advancedbtn.kt-btns_84cd6a-11, .site .entry-content .wp-block-kadence-advancedbtn.kt-btns_84cd6a-11{margin-top:27px;}.kt-btns_84cd6a-11 .kt-btn-wrap-0{margin-right:5px;}.rtl .kt-btns_84cd6a-11 .kt-btn-wrap-0{margin-left:5px;margin-right:0px;}.wp-block-kadence-advancedbtn.kt-btns_84cd6a-11 .kt-btn-wrap-0 .kt-button{color:var(--global-palette9, #ffffff);background:#ec008c;border-color:rgba(85, 85, 85, 0);}.wp-block-kadence-advancedbtn.kt-btns_84cd6a-11 .kt-btn-wrap-0 .kt-button:hover, .wp-block-kadence-advancedbtn.kt-btns_84cd6a-11 .kt-btn-wrap-0 .kt-button:focus{color:#ffffff;}.wp-block-kadence-advancedbtn.kt-btns_84cd6a-11 .kt-btn-wrap-0 .kt-button::before{display:none;}.wp-block-kadence-advancedbtn.kt-btns_84cd6a-11 .kt-btn-wrap-0 .kt-button:hover, .wp-block-kadence-advancedbtn.kt-btns_84cd6a-11 .kt-btn-wrap-0 .kt-button:focus{background:#020228;}<\/style>\n<div class=\"wp-block-kadence-advancedbtn kt-btn-align-center kt-btn-tablet-align-center kt-btn-mobile-align-center kt-btns-wrap kt-btns_84cd6a-11 kt-force-btn-fullwidth\"><div class=\"kt-btn-wrap kt-btn-wrap-0\"><a class=\"kt-button button kt-btn-0-action kt-btn-size-standard kt-btn-style-basic kt-btn-svg-show-always kt-btn-has-text-true kt-btn-has-svg-false\" href=\"#brave_open_popup_15277\" style=\"border-radius:5px\"><span class=\"kt-btn-inner-text\">SA\u0145EMT E-GR\u0100MATU<\/span><\/a><\/div><\/div>\n<\/div><\/div>\n<\/div><\/div>\n<\/div><\/div><\/div>\n","protected":false},"excerpt":{"rendered":"<p>E-gr\u0101matas \u010cetri pa\u0146\u0113mieni, k\u0101 efekt\u012bvi iesaist\u012bt darba komandu Cik strauj\u0101 temp\u0101 Tava organiz\u0101cija g\u016bst pan\u0101kumus? Ja darbinieki ir patiesi ieinteres\u0113ti uz\u0146\u0113muma m\u0113r\u0137u sasnieg\u0161an\u0101 un str\u0101d\u0101 ar entuziasmu, rezult\u0101ti ir daudz iespaid\u012bg\u0101ki, nek\u0101 str\u0101d\u0101jot bez iesaistes. Uzzini, k\u0101di ir efekt\u012bv\u0101kie veidi visaptvero\u0161ai komandas iesaistes uzlabo\u0161anai un k\u0101 tos praktiski ieviest sav\u0101 uz\u0146\u0113mum\u0101 jau \u0161odien! K\u0101 nov\u0113rt\u0113t,&#8230;<\/p>\n","protected":false},"author":1,"featured_media":10111,"parent":0,"menu_order":0,"comment_status":"closed","ping_status":"closed","template":"","meta":{"inline_featured_image":false,"_kad_blocks_custom_css":"","_kad_blocks_head_custom_js":"","_kad_blocks_body_custom_js":"","_kad_blocks_footer_custom_js":"","_kad_post_transparent":"","_kad_post_title":"hide","_kad_post_layout":"fullwidth","_kad_post_sidebar_id":"","_kad_post_content_style":"unboxed","_kad_post_vertical_padding":"hide","_kad_post_feature":"","_kad_post_feature_position":"","_kad_post_header":false,"_kad_post_footer":false},"aioseo_notices":[],"acf":[],"featured_image_src_large":["https:\/\/efectio.com\/wp-content\/uploads\/2021\/04\/EfectioMainFeatured.jpg",992,518,false],"author_info":{"display_name":"user","author_link":"https:\/\/efectio.com\/lv\/author\/user\/"},"comment_info":0,"taxonomy_info":[],"uagb_featured_image_src":{"full":["https:\/\/efectio.com\/wp-content\/uploads\/2021\/04\/EfectioMainFeatured.jpg",1000,522,false],"thumbnail":["https:\/\/efectio.com\/wp-content\/uploads\/2021\/04\/EfectioMainFeatured-150x150.jpg",150,150,true],"medium":["https:\/\/efectio.com\/wp-content\/uploads\/2021\/04\/EfectioMainFeatured-300x157.jpg",300,157,true],"medium_large":["https:\/\/efectio.com\/wp-content\/uploads\/2021\/04\/EfectioMainFeatured-768x401.jpg",768,401,true],"large":["https:\/\/efectio.com\/wp-content\/uploads\/2021\/04\/EfectioMainFeatured.jpg",992,518,false],"1536x1536":["https:\/\/efectio.com\/wp-content\/uploads\/2021\/04\/EfectioMainFeatured.jpg",1000,522,false],"2048x2048":["https:\/\/efectio.com\/wp-content\/uploads\/2021\/04\/EfectioMainFeatured.jpg",1000,522,false]},"uagb_author_info":{"display_name":"user","author_link":"https:\/\/efectio.com\/lv\/author\/user\/"},"uagb_comment_info":0,"uagb_excerpt":"E-gr\u0101matas \u010cetri pa\u0146\u0113mieni, k\u0101 efekt\u012bvi iesaist\u012bt darba komandu Cik strauj\u0101 temp\u0101 Tava organiz\u0101cija g\u016bst pan\u0101kumus? Ja darbinieki ir patiesi ieinteres\u0113ti uz\u0146\u0113muma m\u0113r\u0137u sasnieg\u0161an\u0101 un str\u0101d\u0101 ar entuziasmu, rezult\u0101ti ir daudz iespaid\u012bg\u0101ki, nek\u0101 str\u0101d\u0101jot bez iesaistes. Uzzini, k\u0101di ir efekt\u012bv\u0101kie veidi visaptvero\u0161ai komandas iesaistes uzlabo\u0161anai un k\u0101 tos praktiski ieviest sav\u0101 uz\u0146\u0113mum\u0101 jau \u0161odien! K\u0101 nov\u0113rt\u0113t,...","_links":{"self":[{"href":"https:\/\/efectio.com\/lv\/wp-json\/wp\/v2\/pages\/14298"}],"collection":[{"href":"https:\/\/efectio.com\/lv\/wp-json\/wp\/v2\/pages"}],"about":[{"href":"https:\/\/efectio.com\/lv\/wp-json\/wp\/v2\/types\/page"}],"author":[{"embeddable":true,"href":"https:\/\/efectio.com\/lv\/wp-json\/wp\/v2\/users\/1"}],"replies":[{"embeddable":true,"href":"https:\/\/efectio.com\/lv\/wp-json\/wp\/v2\/comments?post=14298"}],"version-history":[{"count":0,"href":"https:\/\/efectio.com\/lv\/wp-json\/wp\/v2\/pages\/14298\/revisions"}],"wp:featuredmedia":[{"embeddable":true,"href":"https:\/\/efectio.com\/lv\/wp-json\/wp\/v2\/media\/10111"}],"wp:attachment":[{"href":"https:\/\/efectio.com\/lv\/wp-json\/wp\/v2\/media?parent=14298"}],"curies":[{"name":"wp","href":"https:\/\/api.w.org\/{rel}","templated":true}]}}