{"id":18849,"date":"2022-02-26T18:30:56","date_gmt":"2022-02-26T18:30:56","guid":{"rendered":"https:\/\/efectio.com\/izcenojumi\/"},"modified":"2022-03-03T23:26:14","modified_gmt":"2022-03-03T23:26:14","slug":"izcenojumi","status":"publish","type":"page","link":"https:\/\/efectio.com\/lv\/izcenojumi\/","title":{"rendered":"Izcenojumi"},"content":{"rendered":"<section class=\"\" data-type=\"block\">\n    <div id=\"pricing\">\n        <div class=\"pricing-content fade-from-left container\">\n            <h1>Efectio dal\u012bbas pl\u0101ni<\/h1>\n            <p class=\"mt-3\">Izv\u0113lies savu dal\u012bbas pl\u0101nu un s\u0101c lietot Efectio uzreiz!<\/p>\n            <div role=\"group\" class=\"custom-tabs mt-3 btn-group btn-group-md plan-switch\">\n                <button type=\"button\" class=\"btn btn-primary active\" data-plan=\"monthly\">\n                M\u0113nes\u012b                <\/button> <button type=\"button\" class=\"btn btn-primary\" data-plan=\"annuall\">\n                Gad\u0101                <\/button> \n                <div class=\"discount-badge\">\n                    <div class=\"position-relative h-100\">\n                        <div class=\"badge-inner\">\n                            <div class=\"label\">ietaupi<\/div>\n                            <div class=\"percent\">20%<\/div>\n                        <\/div>\n                        <div class=\"caret\"><\/div>\n                    <\/div>\n                <\/div>\n            <\/div>\n            <div class=\"mt-0\">\n                <div role=\"group\" class=\"custom-tabs mt-3 btn-group btn-group-md currency-switch\">\n                    <button type=\"button\" class=\"btn btn-primary active\" data-currency=\"eu\">\n                        <img width=\"20\" src=\"https:\/\/efectio.s3.eu-west-1.amazonaws.com\/images\/flag_eu.svg\" class=\"align-middle\">\n                        <span class=\"pl-3 align-middle\">EUR<\/span>\n                    <\/button>\n                    <button type=\"button\" class=\"btn btn-primary\" data-currency=\"us\">\n                        <img width=\"20\" src=\"https:\/\/efectio.s3.eu-west-1.amazonaws.com\/images\/flag_usa.svg\" class=\"align-middle\">\n                        <span class=\"pl-3 align-middle\">USD<\/span>\n                    <\/button>\n                <\/div>\n            <\/div>\n            \n            <div class=\"align-items-top plans-wrapper active\" data-plan=\"monthly\">\n            \n                <div class=\"plan bezmaksas\">\n                                        <div class=\"plan-title\">Bezmaksas<\/div>\n                                        <div class=\"price-wrapper\">\n                        <div class=\"currency\">\n                            <span class=\"eu active\">\u20ac<\/span>\n                            <span class=\"us\">$<\/span>\n                        <\/div>\n                        <div class=\"price\">\n                            <span class=\"eu active\">0<\/span>\n                            <span class=\"us\">0<\/span>\n                        <\/div>\n                        <div class=\"period\">\/ m\u0113n. par lietot\u0101ju<\/div>\n                    <\/div>\n                    <div class=\"billing-period\"><span data-v-07b56f02=\"\">&nbsp;<\/span><\/div>\n                                        <div class=\"features\">\n                                                <div class=\"d-flex\"><img src=\"https:\/\/efectio.com\/wp-content\/themes\/kadence-child\/assets\/dist\/svg\/icon-success.svg\" width=\"24\" class=\"pr-3 align-middle\" \/>L\u012bdz 10 lietot\u0101jiem<\/div>\n                                                <div class=\"d-flex\"><img src=\"https:\/\/efectio.com\/wp-content\/themes\/kadence-child\/assets\/dist\/svg\/icon-success.svg\" width=\"24\" class=\"pr-3 align-middle\" \/>3 izaicin\u0101jumi<\/div>\n                                                <div class=\"d-flex\"><img src=\"https:\/\/efectio.com\/wp-content\/themes\/kadence-child\/assets\/dist\/svg\/icon-success.svg\" width=\"24\" class=\"pr-3 align-middle\" \/>3 aptaujas<\/div>\n                                                <div class=\"d-flex\"><img src=\"https:\/\/efectio.com\/wp-content\/themes\/kadence-child\/assets\/dist\/svg\/icon-success.svg\" width=\"24\" class=\"pr-3 align-middle\" \/>5 veikala pied\u0101v\u0101jumi<\/div>\n                                                <div class=\"d-flex\"><img src=\"https:\/\/efectio.com\/wp-content\/themes\/kadence-child\/assets\/dist\/svg\/icon-success.svg\" width=\"24\" class=\"pr-3 align-middle\" \/>Vienk\u0101r\u0161a anal\u012btika<\/div>\n                                            <\/div>\n                    <button onclick=\"location.href = 'https:\/\/my.efectio.com\/signup-company';\" class=\"btn cta btn-outline-dark\">S\u0101kt<\/button>\n                    <\/div>\n                \n                \n                <div class=\"plan neliels-bizness\">\n                                        <div class=\"plan-title\">Neliels Bizness<\/div>\n                                        <div class=\"price-wrapper\">\n                        <div class=\"currency\">\n                            <span class=\"eu active\">\u20ac<\/span>\n                            <span class=\"us\">$<\/span>\n                        <\/div>\n                        <div class=\"price\">\n                            <span class=\"eu active\">3<\/span>\n                            <span class=\"us\">3.5<\/span>\n                        <\/div>\n                        <div class=\"period\">\/ m\u0113n. par lietot\u0101ju<\/div>\n                    <\/div>\n                    <div class=\"billing-period\"><span data-v-07b56f02=\"\">Samaksa ikm\u0113ne\u0161a<\/span><\/div>\n                                        <div class=\"features\">\n                                                <div class=\"d-flex\"><img src=\"https:\/\/efectio.com\/wp-content\/themes\/kadence-child\/assets\/dist\/svg\/icon-success.svg\" width=\"24\" class=\"pr-3 align-middle\" \/>L\u012bdz 200 lietot\u0101jiem<\/div>\n                                                <div class=\"d-flex\"><img src=\"https:\/\/efectio.com\/wp-content\/themes\/kadence-child\/assets\/dist\/svg\/icon-success.svg\" width=\"24\" class=\"pr-3 align-middle\" \/>Neierobe\u017eoti izaicin\u0101jumi<\/div>\n                                                <div class=\"d-flex\"><img src=\"https:\/\/efectio.com\/wp-content\/themes\/kadence-child\/assets\/dist\/svg\/icon-success.svg\" width=\"24\" class=\"pr-3 align-middle\" \/>Neierobe\u017eotas aptaujas<\/div>\n                                                <div class=\"d-flex\"><img src=\"https:\/\/efectio.com\/wp-content\/themes\/kadence-child\/assets\/dist\/svg\/icon-success.svg\" width=\"24\" class=\"pr-3 align-middle\" \/>Neierobe\u017eoti veikala pied\u0101v\u0101jumi<\/div>\n                                                <div class=\"d-flex\"><img src=\"https:\/\/efectio.com\/wp-content\/themes\/kadence-child\/assets\/dist\/svg\/icon-success.svg\" width=\"24\" class=\"pr-3 align-middle\" \/>Ieteikts &#038; automatiz\u0113ts saturs visu gadu<\/div>\n                                                <div class=\"d-flex\"><img src=\"https:\/\/efectio.com\/wp-content\/themes\/kadence-child\/assets\/dist\/svg\/icon-success.svg\" width=\"24\" class=\"pr-3 align-middle\" \/>Detaliz\u0113t\u0101ka anal\u012btika<\/div>\n                                                <div class=\"d-flex\"><img src=\"https:\/\/efectio.com\/wp-content\/themes\/kadence-child\/assets\/dist\/svg\/icon-success.svg\" width=\"24\" class=\"pr-3 align-middle\" \/>White-label (personaliz\u0113ts)<\/div>\n                                                <div class=\"d-flex\"><img src=\"https:\/\/efectio.com\/wp-content\/themes\/kadence-child\/assets\/dist\/svg\/icon-success.svg\" width=\"24\" class=\"pr-3 align-middle\" \/>Izv\u0113les subdom\u0113ns<\/div>\n                                            <\/div>\n                    <button onclick=\"location.href = 'https:\/\/my.efectio.com\/signup-company';\" class=\"btn cta btn-outline-dark\">S\u0101kt<\/button>\n                    <\/div>\n                \n                \n                <div class=\"plan recommended\">\n                                            <a dtarget=\"_self\" href=\"#\" class=\"badge mb-4 badge-primary\">Recommended<\/a> \n                                        <div class=\"plan-title\">Vid\u0113js Bizness<\/div>\n                                        <div class=\"price-wrapper\">\n                        <div class=\"currency\">\n                            <span class=\"eu active\">\u20ac<\/span>\n                            <span class=\"us\">$<\/span>\n                        <\/div>\n                        <div class=\"price\">\n                            <span class=\"eu active\">2.5<\/span>\n                            <span class=\"us\">3<\/span>\n                        <\/div>\n                        <div class=\"period\">\/ m\u0113n. par lietot\u0101ju<\/div>\n                    <\/div>\n                    <div class=\"billing-period\"><span data-v-07b56f02=\"\">Samaksa ikm\u0113ne\u0161a<\/span><\/div>\n                                        <div class=\"features\">\n                                                <div class=\"d-flex\"><img src=\"https:\/\/efectio.com\/wp-content\/themes\/kadence-child\/assets\/dist\/svg\/icon-success.svg\" width=\"24\" class=\"pr-3 align-middle\" \/>No 201 lietot\u0101jiem<\/div>\n                                                <div class=\"d-flex\"><img src=\"https:\/\/efectio.com\/wp-content\/themes\/kadence-child\/assets\/dist\/svg\/icon-success.svg\" width=\"24\" class=\"pr-3 align-middle\" \/>Neierobe\u017eoti izaicin\u0101jumi<\/div>\n                                                <div class=\"d-flex\"><img src=\"https:\/\/efectio.com\/wp-content\/themes\/kadence-child\/assets\/dist\/svg\/icon-success.svg\" width=\"24\" class=\"pr-3 align-middle\" \/>Neierobe\u017eotas aptaujas<\/div>\n                                                <div class=\"d-flex\"><img src=\"https:\/\/efectio.com\/wp-content\/themes\/kadence-child\/assets\/dist\/svg\/icon-success.svg\" width=\"24\" class=\"pr-3 align-middle\" \/>Neierobe\u017eoti veikala pied\u0101v\u0101jumi<\/div>\n                                                <div class=\"d-flex\"><img src=\"https:\/\/efectio.com\/wp-content\/themes\/kadence-child\/assets\/dist\/svg\/icon-success.svg\" width=\"24\" class=\"pr-3 align-middle\" \/>Ieteikts &#038; automatiz\u0113ts saturs visu gadu<\/div>\n                                                <div class=\"d-flex\"><img src=\"https:\/\/efectio.com\/wp-content\/themes\/kadence-child\/assets\/dist\/svg\/icon-success.svg\" width=\"24\" class=\"pr-3 align-middle\" \/>Detaliz\u0113t\u0101ka anal\u012btika<\/div>\n                                                <div class=\"d-flex\"><img src=\"https:\/\/efectio.com\/wp-content\/themes\/kadence-child\/assets\/dist\/svg\/icon-success.svg\" width=\"24\" class=\"pr-3 align-middle\" \/>White-label (personaliz\u0113ts)<\/div>\n                                                <div class=\"d-flex\"><img src=\"https:\/\/efectio.com\/wp-content\/themes\/kadence-child\/assets\/dist\/svg\/icon-success.svg\" width=\"24\" class=\"pr-3 align-middle\" \/>Izv\u0113les subdom\u0113ns<\/div>\n                                            <\/div>\n                    <button onclick=\"location.href = 'https:\/\/my.efectio.com\/signup-company';\" class=\"btn cta btn-primary purple\">S\u0101kt<\/button>\n                    <\/div>\n                \n                \n                <div class=\"plan liels-bizness\">\n                                        <div class=\"plan-title\">Liels Bizness<\/div>\n                                            <div class=\"font-weight-bold text-center contact-us\">Sazinies ar mums<\/div>\n                                        <div class=\"features\">\n                                                <div class=\"d-flex\"><img src=\"https:\/\/efectio.com\/wp-content\/themes\/kadence-child\/assets\/dist\/svg\/icon-success.svg\" width=\"24\" class=\"pr-3 align-middle\" \/>Specifiski piel\u0101gots saturs &#038; iesp\u0113jas<\/div>\n                                                <div class=\"d-flex\"><img src=\"https:\/\/efectio.com\/wp-content\/themes\/kadence-child\/assets\/dist\/svg\/icon-success.svg\" width=\"24\" class=\"pr-3 align-middle\" \/>White-label uz sava dom\u0113na<\/div>\n                                            <\/div>\n                    <button onclick=\"location.href = 'https:\/\/my.efectio.com\/signup-company';\" class=\"btn cta btn-outline-dark\">S\u0101kt<\/button>\n                    <\/div>\n                \n                                <\/div>\n         \n\n            <div class=\"align-items-top plans-wrapper\" data-plan=\"annuall\">\n                            <div class=\"plan bezmaksas\">\n                                        <div class=\"plan-title\">Bezmaksas<\/div>\n                                        <div class=\"price-wrapper\">\n                        <div class=\"currency\">\n                            <span class=\"eu active\">\u20ac<\/span>\n                            <span class=\"us\">$<\/span>\n                        <\/div>\n                        <div class=\"price\">\n                            <span class=\"eu active\">0<\/span>\n                            <span class=\"us\">0<\/span>\n                        <\/div>\n                        <div class=\"period\">\/ m\u0113n. par lietot\u0101ju<\/div>\n                    <\/div>\n                    <div class=\"billing-period\"><span data-v-07b56f02=\"\"><br \/><br \/><\/span><\/div>\n                                        <div class=\"features\">\n                                                <div class=\"d-flex\"><img src=\"https:\/\/efectio.com\/wp-content\/themes\/kadence-child\/assets\/dist\/svg\/icon-success.svg\" width=\"24\" class=\"pr-3 align-middle\" \/>L\u012bdz 10 lietot\u0101jiem<\/div>\n                                                <div class=\"d-flex\"><img src=\"https:\/\/efectio.com\/wp-content\/themes\/kadence-child\/assets\/dist\/svg\/icon-success.svg\" width=\"24\" class=\"pr-3 align-middle\" \/>3 izaicin\u0101jumi<\/div>\n                                                <div class=\"d-flex\"><img src=\"https:\/\/efectio.com\/wp-content\/themes\/kadence-child\/assets\/dist\/svg\/icon-success.svg\" width=\"24\" class=\"pr-3 align-middle\" \/>3 aptaujas<\/div>\n                                                <div class=\"d-flex\"><img src=\"https:\/\/efectio.com\/wp-content\/themes\/kadence-child\/assets\/dist\/svg\/icon-success.svg\" width=\"24\" class=\"pr-3 align-middle\" \/>5 veikala pied\u0101v\u0101jumi<\/div>\n                                                <div class=\"d-flex\"><img src=\"https:\/\/efectio.com\/wp-content\/themes\/kadence-child\/assets\/dist\/svg\/icon-success.svg\" width=\"24\" class=\"pr-3 align-middle\" \/>Vienk\u0101r\u0161a anal\u012btika<\/div>\n                                            <\/div>\n                    <button onclick=\"location.href = 'https:\/\/my.efectio.com\/signup-company';\" class=\"btn cta btn-outline-dark\">S\u0101kt<\/button>\n                    <\/div>\n                \n                                <div class=\"plan neliels-bizness\">\n                                        <div class=\"plan-title\">Neliels Bizness<\/div>\n                                        <div class=\"price-wrapper\">\n                        <div class=\"currency\">\n                            <span class=\"eu active\">\u20ac<\/span>\n                            <span class=\"us\">$<\/span>\n                        <\/div>\n                        <div class=\"price\">\n                            <span class=\"eu active\">2.4<\/span>\n                            <span class=\"us\">3<\/span>\n                        <\/div>\n                        <div class=\"period\">\/ m\u0113n. par lietot\u0101ju<\/div>\n                    <\/div>\n                    <div class=\"billing-period\"><span data-v-07b56f02=\"\">Samaksa ikgad\u0113ja<br \/>\r\n(ietaupi 20%)<\/span><\/div>\n                                        <div class=\"features\">\n                                                <div class=\"d-flex\"><img src=\"https:\/\/efectio.com\/wp-content\/themes\/kadence-child\/assets\/dist\/svg\/icon-success.svg\" width=\"24\" class=\"pr-3 align-middle\" \/>L\u012bdz 200 lietot\u0101jiem<\/div>\n                                                <div class=\"d-flex\"><img src=\"https:\/\/efectio.com\/wp-content\/themes\/kadence-child\/assets\/dist\/svg\/icon-success.svg\" width=\"24\" class=\"pr-3 align-middle\" \/>Neierobe\u017eoti izaicin\u0101jumi<\/div>\n                                                <div class=\"d-flex\"><img src=\"https:\/\/efectio.com\/wp-content\/themes\/kadence-child\/assets\/dist\/svg\/icon-success.svg\" width=\"24\" class=\"pr-3 align-middle\" \/>Neierobe\u017eotas aptaujas<\/div>\n                                                <div class=\"d-flex\"><img src=\"https:\/\/efectio.com\/wp-content\/themes\/kadence-child\/assets\/dist\/svg\/icon-success.svg\" width=\"24\" class=\"pr-3 align-middle\" \/>Neierobe\u017eoti veikala pied\u0101v\u0101jumi<\/div>\n                                                <div class=\"d-flex\"><img src=\"https:\/\/efectio.com\/wp-content\/themes\/kadence-child\/assets\/dist\/svg\/icon-success.svg\" width=\"24\" class=\"pr-3 align-middle\" \/>Ieteikts &#038; automatiz\u0113ts saturs visu gadu<\/div>\n                                                <div class=\"d-flex\"><img src=\"https:\/\/efectio.com\/wp-content\/themes\/kadence-child\/assets\/dist\/svg\/icon-success.svg\" width=\"24\" class=\"pr-3 align-middle\" \/>Detaliz\u0113t\u0101ka anal\u012btika<\/div>\n                                                <div class=\"d-flex\"><img src=\"https:\/\/efectio.com\/wp-content\/themes\/kadence-child\/assets\/dist\/svg\/icon-success.svg\" width=\"24\" class=\"pr-3 align-middle\" \/>White-label (personaliz\u0113ts)<\/div>\n                                                <div class=\"d-flex\"><img src=\"https:\/\/efectio.com\/wp-content\/themes\/kadence-child\/assets\/dist\/svg\/icon-success.svg\" width=\"24\" class=\"pr-3 align-middle\" \/>Izv\u0113les subdom\u0113ns<\/div>\n                                            <\/div>\n                    <button onclick=\"location.href = 'https:\/\/my.efectio.com\/signup-company';\" class=\"btn cta btn-outline-dark\">S\u0101kt<\/button>\n                    <\/div>\n                \n                                <div class=\"plan recommended\">\n                                            <a dtarget=\"_self\" href=\"#\" class=\"badge mb-4 badge-primary\">Recommended<\/a> \n                                        <div class=\"plan-title\">Vid\u0113js Bizness<\/div>\n                                        <div class=\"price-wrapper\">\n                        <div class=\"currency\">\n                            <span class=\"eu active\">\u20ac<\/span>\n                            <span class=\"us\">$<\/span>\n                        <\/div>\n                        <div class=\"price\">\n                            <span class=\"eu active\">2<\/span>\n                            <span class=\"us\">2.5<\/span>\n                        <\/div>\n                        <div class=\"period\">\/ m\u0113n. par lietot\u0101ju<\/div>\n                    <\/div>\n                    <div class=\"billing-period\"><span data-v-07b56f02=\"\">Samaksa ikgad\u0113ja<br \/>\r\n(ietaupi 20%)<\/span><\/div>\n                                        <div class=\"features\">\n                                                <div class=\"d-flex\"><img src=\"https:\/\/efectio.com\/wp-content\/themes\/kadence-child\/assets\/dist\/svg\/icon-success.svg\" width=\"24\" class=\"pr-3 align-middle\" \/>No 201 lietot\u0101jiem<\/div>\n                                                <div class=\"d-flex\"><img src=\"https:\/\/efectio.com\/wp-content\/themes\/kadence-child\/assets\/dist\/svg\/icon-success.svg\" width=\"24\" class=\"pr-3 align-middle\" \/>Neierobe\u017eoti izaicin\u0101jumi<\/div>\n                                                <div class=\"d-flex\"><img src=\"https:\/\/efectio.com\/wp-content\/themes\/kadence-child\/assets\/dist\/svg\/icon-success.svg\" width=\"24\" class=\"pr-3 align-middle\" \/>Neierobe\u017eotas aptaujas<\/div>\n                                                <div class=\"d-flex\"><img src=\"https:\/\/efectio.com\/wp-content\/themes\/kadence-child\/assets\/dist\/svg\/icon-success.svg\" width=\"24\" class=\"pr-3 align-middle\" \/>Neierobe\u017eoti veikala pied\u0101v\u0101jumi<\/div>\n                                                <div class=\"d-flex\"><img src=\"https:\/\/efectio.com\/wp-content\/themes\/kadence-child\/assets\/dist\/svg\/icon-success.svg\" width=\"24\" class=\"pr-3 align-middle\" \/>Ieteikts &#038; automatiz\u0113ts saturs visu gadu<\/div>\n                                                <div class=\"d-flex\"><img src=\"https:\/\/efectio.com\/wp-content\/themes\/kadence-child\/assets\/dist\/svg\/icon-success.svg\" width=\"24\" class=\"pr-3 align-middle\" \/>Detaliz\u0113t\u0101ka anal\u012btika<\/div>\n                                                <div class=\"d-flex\"><img src=\"https:\/\/efectio.com\/wp-content\/themes\/kadence-child\/assets\/dist\/svg\/icon-success.svg\" width=\"24\" class=\"pr-3 align-middle\" \/>White-label (personaliz\u0113ts)<\/div>\n                                                <div class=\"d-flex\"><img src=\"https:\/\/efectio.com\/wp-content\/themes\/kadence-child\/assets\/dist\/svg\/icon-success.svg\" width=\"24\" class=\"pr-3 align-middle\" \/>Izv\u0113les subdom\u0113ns<\/div>\n                                            <\/div>\n                    <button onclick=\"location.href = 'https:\/\/my.efectio.com\/signup-company';\" class=\"btn cta btn-primary purple\">S\u0101kt<\/button>\n                    <\/div>\n                \n                                <div class=\"plan liels-bizness\">\n                                        <div class=\"plan-title\">Liels Bizness<\/div>\n                                            <div class=\"font-weight-bold text-center contact-us\">Sazinies ar mums<\/div>\n                                        <div class=\"features\">\n                                                <div class=\"d-flex\"><img src=\"https:\/\/efectio.com\/wp-content\/themes\/kadence-child\/assets\/dist\/svg\/icon-success.svg\" width=\"24\" class=\"pr-3 align-middle\" \/>Specifiski piel\u0101gots saturs &#038; iesp\u0113jas<\/div>\n                                                <div class=\"d-flex\"><img src=\"https:\/\/efectio.com\/wp-content\/themes\/kadence-child\/assets\/dist\/svg\/icon-success.svg\" width=\"24\" class=\"pr-3 align-middle\" \/>White-label uz sava dom\u0113na<\/div>\n                                            <\/div>\n                    <button onclick=\"location.href = 'https:\/\/my.efectio.com\/signup-company';\" class=\"btn cta btn-outline-dark\">S\u0101kt<\/button>\n                    <\/div>\n                \n                                <\/div>\n            <\/div>\n\n\n        <\/div>\n    <\/div>\n<\/section>","protected":false},"excerpt":{"rendered":"","protected":false},"author":1,"featured_media":0,"parent":0,"menu_order":0,"comment_status":"closed","ping_status":"closed","template":"template-pricing.php","meta":{"inline_featured_image":false,"_kad_blocks_custom_css":"","_kad_blocks_head_custom_js":"","_kad_blocks_body_custom_js":"","_kad_blocks_footer_custom_js":"","_kad_post_transparent":"","_kad_post_title":"","_kad_post_layout":"","_kad_post_sidebar_id":"","_kad_post_content_style":"","_kad_post_vertical_padding":"","_kad_post_feature":"","_kad_post_feature_position":"","_kad_post_header":false,"_kad_post_footer":false},"aioseo_notices":[],"acf":[],"featured_image_src_large":false,"author_info":{"display_name":"user","author_link":"https:\/\/efectio.com\/lv\/author\/user\/"},"comment_info":0,"taxonomy_info":[],"uagb_featured_image_src":{"full":false,"thumbnail":false,"medium":false,"medium_large":false,"large":false,"1536x1536":false,"2048x2048":false},"uagb_author_info":{"display_name":"user","author_link":"https:\/\/efectio.com\/lv\/author\/user\/"},"uagb_comment_info":0,"uagb_excerpt":null,"_links":{"self":[{"href":"https:\/\/efectio.com\/lv\/wp-json\/wp\/v2\/pages\/18849"}],"collection":[{"href":"https:\/\/efectio.com\/lv\/wp-json\/wp\/v2\/pages"}],"about":[{"href":"https:\/\/efectio.com\/lv\/wp-json\/wp\/v2\/types\/page"}],"author":[{"embeddable":true,"href":"https:\/\/efectio.com\/lv\/wp-json\/wp\/v2\/users\/1"}],"replies":[{"embeddable":true,"href":"https:\/\/efectio.com\/lv\/wp-json\/wp\/v2\/comments?post=18849"}],"version-history":[{"count":0,"href":"https:\/\/efectio.com\/lv\/wp-json\/wp\/v2\/pages\/18849\/revisions"}],"wp:attachment":[{"href":"https:\/\/efectio.com\/lv\/wp-json\/wp\/v2\/media?parent=18849"}],"curies":[{"name":"wp","href":"https:\/\/api.w.org\/{rel}","templated":true}]}}